{"id":1604,"date":"2022-09-25T14:01:40","date_gmt":"2022-09-25T14:01:40","guid":{"rendered":"http:\/\/new.nf-nownisantasi.com\/about-us\/"},"modified":"2023-01-16T16:49:49","modified_gmt":"2023-01-16T16:49:49","slug":"about-us","status":"publish","type":"page","link":"https:\/\/nf-nownisantasi.com\/fr\/about-us\/","title":{"rendered":"\u00c0 propos de nous"},"content":{"rendered":"\t\t<div data-elementor-type=\"wp-page\" data-elementor-id=\"1604\" class=\"elementor elementor-1604 elementor-469\" data-elementor-post-type=\"page\">\n\t\t\t\t\t\t<section class=\"elementor-section elementor-top-section elementor-element elementor-element-d6e6a91 elementor-section-full_width elementor-section-height-default elementor-section-height-default\" data-id=\"d6e6a91\" data-element_type=\"section\" data-e-type=\"section\">\n\t\t\t\t\t\t<div class=\"elementor-container elementor-column-gap-default\">\n\t\t\t\t\t<div class=\"elementor-column elementor-col-100 elementor-top-column elementor-element elementor-element-fc008cc\" data-id=\"fc008cc\" data-element_type=\"column\" data-e-type=\"column\">\n\t\t\t<div class=\"elementor-widget-wrap\">\n\t\t\t\t\t\t\t<\/div>\n\t\t<\/div>\n\t\t\t\t\t<\/div>\n\t\t<\/section>\n\t\t\t\t<section class=\"elementor-section elementor-top-section elementor-element elementor-element-f122e5b elementor-reverse-mobile elementor-section-boxed elementor-section-height-default elementor-section-height-default\" data-id=\"f122e5b\" data-element_type=\"section\" data-e-type=\"section\">\n\t\t\t\t\t\t<div class=\"elementor-container elementor-column-gap-default\">\n\t\t\t\t\t<div class=\"elementor-column elementor-col-100 elementor-top-column elementor-element elementor-element-a9aa3ed\" data-id=\"a9aa3ed\" data-element_type=\"column\" data-e-type=\"column\">\n\t\t\t<div class=\"elementor-widget-wrap elementor-element-populated\">\n\t\t\t\t\t\t<div class=\"elementor-element elementor-element-464d123 elementor-widget elementor-widget-heading\" data-id=\"464d123\" data-element_type=\"widget\" data-e-type=\"widget\" data-widget_type=\"heading.default\">\n\t\t\t\t<div class=\"elementor-widget-container\">\n\t\t\t\t\t<h2 class=\"elementor-heading-title elementor-size-default\">\u00c0 propos de nous<\/h2>\t\t\t\t<\/div>\n\t\t\t\t<\/div>\n\t\t\t\t<section class=\"elementor-section elementor-inner-section elementor-element elementor-element-a8e4e48 elementor-reverse-mobile elementor-section-boxed elementor-section-height-default elementor-section-height-default\" data-id=\"a8e4e48\" data-element_type=\"section\" data-e-type=\"section\">\n\t\t\t\t\t\t<div class=\"elementor-container elementor-column-gap-default\">\n\t\t\t\t\t<div class=\"elementor-column elementor-col-50 elementor-inner-column elementor-element elementor-element-b474f4b\" data-id=\"b474f4b\" data-element_type=\"column\" data-e-type=\"column\">\n\t\t\t<div class=\"elementor-widget-wrap elementor-element-populated\">\n\t\t\t\t\t\t<div class=\"elementor-element elementor-element-080e52d elementor-widget elementor-widget-image\" data-id=\"080e52d\" data-element_type=\"widget\" data-e-type=\"widget\" data-widget_type=\"image.default\">\n\t\t\t\t<div class=\"elementor-widget-container\">\n\t\t\t\t\t\t\t\t\t\t\t\t\t\t\t<img fetchpriority=\"high\" decoding=\"async\" width=\"800\" height=\"450\" src=\"https:\/\/nf-nownisantasi.com\/wp-content\/uploads\/2022\/09\/3-6.jpg\" class=\"attachment-large size-large wp-image-1298\" alt=\"\" srcset=\"https:\/\/nf-nownisantasi.com\/wp-content\/uploads\/2022\/09\/3-6.jpg 800w, https:\/\/nf-nownisantasi.com\/wp-content\/uploads\/2022\/09\/3-6-300x169.jpg 300w, https:\/\/nf-nownisantasi.com\/wp-content\/uploads\/2022\/09\/3-6-768x432.jpg 768w\" sizes=\"(max-width: 800px) 100vw, 800px\" \/>\t\t\t\t\t\t\t\t\t\t\t\t\t\t\t<\/div>\n\t\t\t\t<\/div>\n\t\t\t\t<div class=\"elementor-element elementor-element-d6e15d9 elementor-widget elementor-widget-image\" data-id=\"d6e15d9\" data-element_type=\"widget\" data-e-type=\"widget\" data-widget_type=\"image.default\">\n\t\t\t\t<div class=\"elementor-widget-container\">\n\t\t\t\t\t\t\t\t\t\t\t\t\t\t\t<img decoding=\"async\" width=\"800\" height=\"640\" src=\"https:\/\/nf-nownisantasi.com\/wp-content\/uploads\/2022\/09\/5-6-1024x819.jpg\" class=\"attachment-large size-large wp-image-1262\" alt=\"\" srcset=\"https:\/\/nf-nownisantasi.com\/wp-content\/uploads\/2022\/09\/5-6-1024x819.jpg 1024w, https:\/\/nf-nownisantasi.com\/wp-content\/uploads\/2022\/09\/5-6-300x240.jpg 300w, https:\/\/nf-nownisantasi.com\/wp-content\/uploads\/2022\/09\/5-6-768x614.jpg 768w, https:\/\/nf-nownisantasi.com\/wp-content\/uploads\/2022\/09\/5-6-1536x1229.jpg 1536w, https:\/\/nf-nownisantasi.com\/wp-content\/uploads\/2022\/09\/5-6.jpg 2000w\" sizes=\"(max-width: 800px) 100vw, 800px\" \/>\t\t\t\t\t\t\t\t\t\t\t\t\t\t\t<\/div>\n\t\t\t\t<\/div>\n\t\t\t\t\t<\/div>\n\t\t<\/div>\n\t\t\t\t<div class=\"elementor-column elementor-col-50 elementor-inner-column elementor-element elementor-element-c5f7ae3\" data-id=\"c5f7ae3\" data-element_type=\"column\" data-e-type=\"column\">\n\t\t\t<div class=\"elementor-widget-wrap elementor-element-populated\">\n\t\t\t\t\t\t<div class=\"elementor-element elementor-element-abb920c elementor-widget elementor-widget-heading\" data-id=\"abb920c\" data-element_type=\"widget\" data-e-type=\"widget\" data-widget_type=\"heading.default\">\n\t\t\t\t<div class=\"elementor-widget-container\">\n\t\t\t\t\t<h2 class=\"elementor-heading-title elementor-size-default\">Pourquoi la Turquie est-elle le meilleur choix pour le tourisme m\u00e9dical ?<\/h2>\t\t\t\t<\/div>\n\t\t\t\t<\/div>\n\t\t\t\t<div class=\"elementor-element elementor-element-fbb878b elementor-widget elementor-widget-heading\" data-id=\"fbb878b\" data-element_type=\"widget\" data-e-type=\"widget\" data-widget_type=\"heading.default\">\n\t\t\t\t<div class=\"elementor-widget-container\">\n\t\t\t\t\t<p class=\"elementor-heading-title elementor-size-default\">Pourquoi la Turquie est-elle le meilleur choix pour le tourisme m\u00e9dical ?<\/p>\t\t\t\t<\/div>\n\t\t\t\t<\/div>\n\t\t\t\t<div class=\"elementor-element elementor-element-9a61e2d elementor-widget elementor-widget-heading\" data-id=\"9a61e2d\" data-element_type=\"widget\" data-e-type=\"widget\" data-widget_type=\"heading.default\">\n\t\t\t\t<div class=\"elementor-widget-container\">\n\t\t\t\t\t<p class=\"elementor-heading-title elementor-size-default\">Ces derni\u00e8res ann\u00e9es, la Turquie a connu l'une des croissances \u00e9conomiques les plus fortes au monde. Cela s'est traduit par d'importants investissements publics dans la sant\u00e9.<\/p>\t\t\t\t<\/div>\n\t\t\t\t<\/div>\n\t\t\t\t<div class=\"elementor-element elementor-element-0760ea4 elementor-widget elementor-widget-heading\" data-id=\"0760ea4\" data-element_type=\"widget\" data-e-type=\"widget\" data-widget_type=\"heading.default\">\n\t\t\t\t<div class=\"elementor-widget-container\">\n\t\t\t\t\t<p class=\"elementor-heading-title elementor-size-default\">D\u00e9sormais, la Turquie propose des soins de meilleure qualit\u00e9 \u00e0 un prix tr\u00e8s attractif par rapport \u00e0 l'Europe, aux \u00c9tats-Unis et \u00e0 d'autres pays occidentaux. Pour preuve, la majorit\u00e9 des visiteurs viennent d'Europe, d'Afrique, de Russie et des pays du Golfe.<\/p>\t\t\t\t<\/div>\n\t\t\t\t<\/div>\n\t\t\t\t<div class=\"elementor-element elementor-element-4fa4a46 elementor-widget elementor-widget-heading\" data-id=\"4fa4a46\" data-element_type=\"widget\" data-e-type=\"widget\" data-widget_type=\"heading.default\">\n\t\t\t\t<div class=\"elementor-widget-container\">\n\t\t\t\t\t<p class=\"elementor-heading-title elementor-size-default\">La Turquie a g\u00e9n\u00e9r\u00e9 plus de 4 milliards de dollars de revenus gr\u00e2ce au tourisme m\u00e9dical en 2020.<\/p>\t\t\t\t<\/div>\n\t\t\t\t<\/div>\n\t\t\t\t<div class=\"elementor-element elementor-element-7467e02 elementor-widget elementor-widget-heading\" data-id=\"7467e02\" data-element_type=\"widget\" data-e-type=\"widget\" data-widget_type=\"heading.default\">\n\t\t\t\t<div class=\"elementor-widget-container\">\n\t\t\t\t\t<p class=\"elementor-heading-title elementor-size-default\">Selon les experts, la Turquie pourrait battre un nouveau record en 2022, notamment avec la construction de nouveaux h\u00f4pitaux urbains. Cette ambition est tr\u00e8s fortement soutenue par les ministres de la Culture et de la Sant\u00e9.<\/p>\t\t\t\t<\/div>\n\t\t\t\t<\/div>\n\t\t\t\t<div class=\"elementor-element elementor-element-63268cd elementor-widget elementor-widget-heading\" data-id=\"63268cd\" data-element_type=\"widget\" data-e-type=\"widget\" data-widget_type=\"heading.default\">\n\t\t\t\t<div class=\"elementor-widget-container\">\n\t\t\t\t\t<p class=\"elementor-heading-title elementor-size-default\">Les raisons d'un tel succ\u00e8s sont multiples : chirurgiens exp\u00e9riment\u00e9s, qualit\u00e9 de service incroyable, technologie innovante, prix avantageux.<\/p>\t\t\t\t<\/div>\n\t\t\t\t<\/div>\n\t\t\t\t<div class=\"elementor-element elementor-element-c17e697 elementor-widget elementor-widget-heading\" data-id=\"c17e697\" data-element_type=\"widget\" data-e-type=\"widget\" data-widget_type=\"heading.default\">\n\t\t\t\t<div class=\"elementor-widget-container\">\n\t\t\t\t\t<p class=\"elementor-heading-title elementor-size-default\">Le prix de certaines chirurgies est 80% moins cher en Turquie. Par exemple, la greffe de cheveux est beaucoup plus avantageuse qu'en France. A noter que les destinations pr\u00e9f\u00e9r\u00e9es sont Istanbul, Antalya, Izmir et Ankara.<\/p>\t\t\t\t<\/div>\n\t\t\t\t<\/div>\n\t\t\t\t\t<\/div>\n\t\t<\/div>\n\t\t\t\t\t<\/div>\n\t\t<\/section>\n\t\t\t\t\t<\/div>\n\t\t<\/div>\n\t\t\t\t\t<\/div>\n\t\t<\/section>\n\t\t\t\t<section class=\"elementor-section elementor-top-section elementor-element elementor-element-b2e8b23 elementor-section-boxed elementor-section-height-default elementor-section-height-default\" data-id=\"b2e8b23\" data-element_type=\"section\" data-e-type=\"section\" data-settings=\"{&quot;background_background&quot;:&quot;classic&quot;}\">\n\t\t\t\t\t\t<div class=\"elementor-container elementor-column-gap-default\">\n\t\t\t\t\t<div class=\"elementor-column elementor-col-50 elementor-top-column elementor-element elementor-element-637f07c\" data-id=\"637f07c\" data-element_type=\"column\" data-e-type=\"column\">\n\t\t\t<div class=\"elementor-widget-wrap elementor-element-populated\">\n\t\t\t\t\t\t<div class=\"elementor-element elementor-element-a0c684e elementor-widget elementor-widget-heading\" data-id=\"a0c684e\" data-element_type=\"widget\" data-e-type=\"widget\" data-widget_type=\"heading.default\">\n\t\t\t\t<div class=\"elementor-widget-container\">\n\t\t\t\t\t<h2 class=\"elementor-heading-title elementor-size-default\">Quels sont les avantages du tourisme m\u00e9dical en Turquie ?<\/h2>\t\t\t\t<\/div>\n\t\t\t\t<\/div>\n\t\t\t\t<div class=\"elementor-element elementor-element-d9f5543 elementor-widget elementor-widget-heading\" data-id=\"d9f5543\" data-element_type=\"widget\" data-e-type=\"widget\" data-widget_type=\"heading.default\">\n\t\t\t\t<div class=\"elementor-widget-container\">\n\t\t\t\t\t<p class=\"elementor-heading-title elementor-size-default\">\u2022 Voyage tout compris : billet, accueil a\u00e9roport, h\u00e9bergement luxueux, programme touristique jusqu'\u00e0 la convalescence<br>\n\u2022 Facilit\u00e9 des d\u00e9marches administratives pour les titres de s\u00e9jour<br>\n\u2022 Qualit\u00e9 des soins prodigu\u00e9s<br>\n\u2022 Co\u00fbt des soins<br>\n\u2022 Assistance rapide<br>\n\u2022 Technologie de pointe<br>\n\u2022 Expertise des chirurgiens<br>\n\u2022 L'hospitalit\u00e9 des gens\n<\/p>\t\t\t\t<\/div>\n\t\t\t\t<\/div>\n\t\t\t\t<div class=\"elementor-element elementor-element-65ac026 elementor-widget elementor-widget-heading\" data-id=\"65ac026\" data-element_type=\"widget\" data-e-type=\"widget\" data-widget_type=\"heading.default\">\n\t\t\t\t<div class=\"elementor-widget-container\">\n\t\t\t\t\t<p class=\"elementor-heading-title elementor-size-default\">Vous l'aurez compris, les avantages du tourisme m\u00e9dical en Turquie sont nombreux, de quoi mettre fin \u00e0 vos craintes !<\/p>\t\t\t\t<\/div>\n\t\t\t\t<\/div>\n\t\t\t\t<div class=\"elementor-element elementor-element-4a649ad elementor-widget elementor-widget-heading\" data-id=\"4a649ad\" data-element_type=\"widget\" data-e-type=\"widget\" data-widget_type=\"heading.default\">\n\t\t\t\t<div class=\"elementor-widget-container\">\n\t\t\t\t\t<p class=\"elementor-heading-title elementor-size-default\">NF Now Nisantasi dispose des contrats avec des m\u00e9decins sp\u00e9cialis\u00e9s et des experts dans le domaine de la sant\u00e9  qui vous garantissent la meilleure prise en charge tout en respectant les normes et obligations sanitaires et r\u00e9glementaires impos\u00e9es par le Minist\u00e8re de la Sant\u00e9.<\/p>\t\t\t\t<\/div>\n\t\t\t\t<\/div>\n\t\t\t\t\t<\/div>\n\t\t<\/div>\n\t\t\t\t<div class=\"elementor-column elementor-col-50 elementor-top-column elementor-element elementor-element-9c0ecc1\" data-id=\"9c0ecc1\" data-element_type=\"column\" data-e-type=\"column\">\n\t\t\t<div class=\"elementor-widget-wrap elementor-element-populated\">\n\t\t\t\t\t\t<div class=\"elementor-element elementor-element-158bbca elementor-widget elementor-widget-image\" data-id=\"158bbca\" data-element_type=\"widget\" data-e-type=\"widget\" data-widget_type=\"image.default\">\n\t\t\t\t<div class=\"elementor-widget-container\">\n\t\t\t\t\t\t\t\t\t\t\t\t\t\t\t<img decoding=\"async\" width=\"800\" height=\"450\" src=\"https:\/\/nf-nownisantasi.com\/wp-content\/uploads\/2022\/09\/2-4.jpg\" class=\"attachment-large size-large wp-image-1301\" alt=\"\" srcset=\"https:\/\/nf-nownisantasi.com\/wp-content\/uploads\/2022\/09\/2-4.jpg 800w, https:\/\/nf-nownisantasi.com\/wp-content\/uploads\/2022\/09\/2-4-300x169.jpg 300w, https:\/\/nf-nownisantasi.com\/wp-content\/uploads\/2022\/09\/2-4-768x432.jpg 768w\" sizes=\"(max-width: 800px) 100vw, 800px\" \/>\t\t\t\t\t\t\t\t\t\t\t\t\t\t\t<\/div>\n\t\t\t\t<\/div>\n\t\t\t\t<div class=\"elementor-element elementor-element-d65beab elementor-widget elementor-widget-image\" data-id=\"d65beab\" data-element_type=\"widget\" data-e-type=\"widget\" data-widget_type=\"image.default\">\n\t\t\t\t<div class=\"elementor-widget-container\">\n\t\t\t\t\t\t\t\t\t\t\t\t\t\t\t<img loading=\"lazy\" decoding=\"async\" width=\"800\" height=\"640\" src=\"https:\/\/nf-nownisantasi.com\/wp-content\/uploads\/2022\/09\/15-1.jpg\" class=\"attachment-large size-large wp-image-1280\" alt=\"\" srcset=\"https:\/\/nf-nownisantasi.com\/wp-content\/uploads\/2022\/09\/15-1.jpg 800w, https:\/\/nf-nownisantasi.com\/wp-content\/uploads\/2022\/09\/15-1-300x240.jpg 300w, https:\/\/nf-nownisantasi.com\/wp-content\/uploads\/2022\/09\/15-1-768x614.jpg 768w\" sizes=\"(max-width: 800px) 100vw, 800px\" \/>\t\t\t\t\t\t\t\t\t\t\t\t\t\t\t<\/div>\n\t\t\t\t<\/div>\n\t\t\t\t\t<\/div>\n\t\t<\/div>\n\t\t\t\t\t<\/div>\n\t\t<\/section>\n\t\t\t\t<\/div>\n\t\t","protected":false},"excerpt":{"rendered":"<p>Soyez moins violent envers vous-m\u00eame, choisissez les bons soins pour boire sant\u00e9. Ensemble, prenons soin de votre sant\u00e9. \u00c0 propos de nous Pourquoi la Turquie est-elle le meilleur choix pour le tourisme m\u00e9dical ? Pourquoi la Turquie est-elle le meilleur choix pour le tourisme m\u00e9dical ? Ces derni\u00e8res ann\u00e9es, la Turquie a connu l&rsquo;une des [&hellip;]<\/p>\n","protected":false},"author":2,"featured_media":0,"parent":0,"menu_order":0,"comment_status":"closed","ping_status":"closed","template":"elementor_header_footer","meta":{"footnotes":""},"class_list":["post-1604","page","type-page","status-publish","hentry"],"_links":{"self":[{"href":"https:\/\/nf-nownisantasi.com\/fr\/wp-json\/wp\/v2\/pages\/1604","targetHints":{"allow":["GET"]}}],"collection":[{"href":"https:\/\/nf-nownisantasi.com\/fr\/wp-json\/wp\/v2\/pages"}],"about":[{"href":"https:\/\/nf-nownisantasi.com\/fr\/wp-json\/wp\/v2\/types\/page"}],"author":[{"embeddable":true,"href":"https:\/\/nf-nownisantasi.com\/fr\/wp-json\/wp\/v2\/users\/2"}],"replies":[{"embeddable":true,"href":"https:\/\/nf-nownisantasi.com\/fr\/wp-json\/wp\/v2\/comments?post=1604"}],"version-history":[{"count":16,"href":"https:\/\/nf-nownisantasi.com\/fr\/wp-json\/wp\/v2\/pages\/1604\/revisions"}],"predecessor-version":[{"id":2557,"href":"https:\/\/nf-nownisantasi.com\/fr\/wp-json\/wp\/v2\/pages\/1604\/revisions\/2557"}],"wp:attachment":[{"href":"https:\/\/nf-nownisantasi.com\/fr\/wp-json\/wp\/v2\/media?parent=1604"}],"curies":[{"name":"wp","href":"https:\/\/api.w.org\/{rel}","templated":true}]}}