{"id":1858,"date":"2022-09-25T13:18:54","date_gmt":"2022-09-25T13:18:54","guid":{"rendered":"http:\/\/new.nf-nownisantasi.com\/tourism\/"},"modified":"2022-10-01T00:47:11","modified_gmt":"2022-10-01T00:47:11","slug":"tourism","status":"publish","type":"page","link":"https:\/\/nf-nownisantasi.com\/fr\/tourism\/","title":{"rendered":"Tourisme"},"content":{"rendered":"\t\t<div data-elementor-type=\"wp-page\" data-elementor-id=\"1858\" class=\"elementor elementor-1858 elementor-453\" data-elementor-post-type=\"page\">\n\t\t\t\t\t\t<section class=\"elementor-section elementor-top-section elementor-element elementor-element-333c201 elementor-section-full_width elementor-section-height-default elementor-section-height-default\" data-id=\"333c201\" data-element_type=\"section\" data-e-type=\"section\">\n\t\t\t\t\t\t<div class=\"elementor-container elementor-column-gap-default\">\n\t\t\t\t\t<div class=\"elementor-column elementor-col-100 elementor-top-column elementor-element elementor-element-ef99e5f\" data-id=\"ef99e5f\" data-element_type=\"column\" data-e-type=\"column\">\n\t\t\t<div class=\"elementor-widget-wrap\">\n\t\t\t\t\t\t\t<\/div>\n\t\t<\/div>\n\t\t\t\t\t<\/div>\n\t\t<\/section>\n\t\t\t\t<section class=\"elementor-section elementor-top-section elementor-element elementor-element-02dae2f elementor-reverse-mobile elementor-section-boxed elementor-section-height-default elementor-section-height-default\" data-id=\"02dae2f\" data-element_type=\"section\" data-e-type=\"section\">\n\t\t\t\t\t\t<div class=\"elementor-container elementor-column-gap-default\">\n\t\t\t\t\t<div class=\"elementor-column elementor-col-100 elementor-top-column elementor-element elementor-element-ee6e77b\" data-id=\"ee6e77b\" data-element_type=\"column\" data-e-type=\"column\">\n\t\t\t<div class=\"elementor-widget-wrap elementor-element-populated\">\n\t\t\t\t\t\t<div class=\"elementor-element elementor-element-13bd69f elementor-widget elementor-widget-heading\" data-id=\"13bd69f\" data-element_type=\"widget\" data-e-type=\"widget\" data-widget_type=\"heading.default\">\n\t\t\t\t<div class=\"elementor-widget-container\">\n\t\t\t\t\t<h2 class=\"elementor-heading-title elementor-size-default\">Tourisme<\/h2>\t\t\t\t<\/div>\n\t\t\t\t<\/div>\n\t\t\t\t<section class=\"elementor-section elementor-inner-section elementor-element elementor-element-2c8f93a elementor-reverse-mobile elementor-section-boxed elementor-section-height-default elementor-section-height-default\" data-id=\"2c8f93a\" data-element_type=\"section\" data-e-type=\"section\">\n\t\t\t\t\t\t<div class=\"elementor-container elementor-column-gap-default\">\n\t\t\t\t\t<div class=\"elementor-column elementor-col-50 elementor-inner-column elementor-element elementor-element-d4deddd\" data-id=\"d4deddd\" data-element_type=\"column\" data-e-type=\"column\">\n\t\t\t<div class=\"elementor-widget-wrap elementor-element-populated\">\n\t\t\t\t\t\t<div class=\"elementor-element elementor-element-877d38f elementor-widget elementor-widget-image\" data-id=\"877d38f\" data-element_type=\"widget\" data-e-type=\"widget\" data-widget_type=\"image.default\">\n\t\t\t\t<div class=\"elementor-widget-container\">\n\t\t\t\t\t\t\t\t\t\t\t\t\t\t\t<img fetchpriority=\"high\" decoding=\"async\" width=\"800\" height=\"640\" src=\"https:\/\/nf-nownisantasi.com\/wp-content\/uploads\/2022\/09\/8-3.jpg\" class=\"attachment-large size-large wp-image-1271\" alt=\"\" srcset=\"https:\/\/nf-nownisantasi.com\/wp-content\/uploads\/2022\/09\/8-3.jpg 800w, https:\/\/nf-nownisantasi.com\/wp-content\/uploads\/2022\/09\/8-3-300x240.jpg 300w, https:\/\/nf-nownisantasi.com\/wp-content\/uploads\/2022\/09\/8-3-768x614.jpg 768w\" sizes=\"(max-width: 800px) 100vw, 800px\" \/>\t\t\t\t\t\t\t\t\t\t\t\t\t\t\t<\/div>\n\t\t\t\t<\/div>\n\t\t\t\t<div class=\"elementor-element elementor-element-c0686f2 elementor-widget elementor-widget-image\" data-id=\"c0686f2\" data-element_type=\"widget\" data-e-type=\"widget\" data-widget_type=\"image.default\">\n\t\t\t\t<div class=\"elementor-widget-container\">\n\t\t\t\t\t\t\t\t\t\t\t\t\t\t\t<img decoding=\"async\" width=\"800\" height=\"640\" src=\"https:\/\/nf-nownisantasi.com\/wp-content\/uploads\/2022\/09\/10-1.jpg\" class=\"attachment-large size-large wp-image-1277\" alt=\"\" srcset=\"https:\/\/nf-nownisantasi.com\/wp-content\/uploads\/2022\/09\/10-1.jpg 800w, https:\/\/nf-nownisantasi.com\/wp-content\/uploads\/2022\/09\/10-1-300x240.jpg 300w, https:\/\/nf-nownisantasi.com\/wp-content\/uploads\/2022\/09\/10-1-768x614.jpg 768w\" sizes=\"(max-width: 800px) 100vw, 800px\" \/>\t\t\t\t\t\t\t\t\t\t\t\t\t\t\t<\/div>\n\t\t\t\t<\/div>\n\t\t\t\t\t<\/div>\n\t\t<\/div>\n\t\t\t\t<div class=\"elementor-column elementor-col-50 elementor-inner-column elementor-element elementor-element-5d68083\" data-id=\"5d68083\" data-element_type=\"column\" data-e-type=\"column\">\n\t\t\t<div class=\"elementor-widget-wrap elementor-element-populated\">\n\t\t\t\t\t\t<div class=\"elementor-element elementor-element-8cec162 elementor-widget elementor-widget-heading\" data-id=\"8cec162\" data-element_type=\"widget\" data-e-type=\"widget\" data-widget_type=\"heading.default\">\n\t\t\t\t<div class=\"elementor-widget-container\">\n\t\t\t\t\t<h2 class=\"elementor-heading-title elementor-size-default\">NOTRE AGENCE DE VOYAGE EN TURQUIE<\/h2>\t\t\t\t<\/div>\n\t\t\t\t<\/div>\n\t\t\t\t<div class=\"elementor-element elementor-element-32062a9 elementor-widget elementor-widget-heading\" data-id=\"32062a9\" data-element_type=\"widget\" data-e-type=\"widget\" data-widget_type=\"heading.default\">\n\t\t\t\t<div class=\"elementor-widget-container\">\n\t\t\t\t\t<p class=\"elementor-heading-title elementor-size-default\">Nous avons cr\u00e9\u00e9 notre agence locale dans un \u00e9tat d'esprit qui nous rassemble tous. Nous proposons des voyages de pures sensations, des sensations simples et fortes \u00e0 la fois... des rencontres que l'on n'oublie pas, o\u00f9 la nature trouve pleinement sa place.<\/p>\t\t\t\t<\/div>\n\t\t\t\t<\/div>\n\t\t\t\t<div class=\"elementor-element elementor-element-a1eddcc elementor-widget elementor-widget-heading\" data-id=\"a1eddcc\" data-element_type=\"widget\" data-e-type=\"widget\" data-widget_type=\"heading.default\">\n\t\t\t\t<div class=\"elementor-widget-container\">\n\t\t\t\t\t<p class=\"elementor-heading-title elementor-size-default\">Nous nous distinguons par l'originalit\u00e9 de nos circuits qui sont con\u00e7us et \u00e9tudi\u00e9s avec le souci constant de vous faire d\u00e9couvrir les multiples facettes de notre pays, tant au niveau de la culture turque que de la diversit\u00e9 des paysages.<\/p>\t\t\t\t<\/div>\n\t\t\t\t<\/div>\n\t\t\t\t<div class=\"elementor-element elementor-element-eedc02c elementor-widget elementor-widget-heading\" data-id=\"eedc02c\" data-element_type=\"widget\" data-e-type=\"widget\" data-widget_type=\"heading.default\">\n\t\t\t\t<div class=\"elementor-widget-container\">\n\t\t\t\t\t<p class=\"elementor-heading-title elementor-size-default\">En plus du fait que notre domaine g\u00e9n\u00e9ral de travail est le tourisme de sant\u00e9, nous continuons \u00e0 vous offrir nos services dans le domaine du divertissement et des loisirs avec la m\u00eame qualit\u00e9, des forfaits g\u00e9n\u00e9raux et sp\u00e9ciaux en mati\u00e8re de tourisme. Toutes nos options, des excursions en montgolfi\u00e8re en Cappadoce \u00e0 la visite culturelle des maisons d'Urfa Harran, de Bodrum \u00e0 la visite estivale, de la visite \u00e0 ski d'Uluda\u011f au tourisme des hautes terres \u00e0 Trabzon, seront sp\u00e9ciales pour vous.<\/p>\t\t\t\t<\/div>\n\t\t\t\t<\/div>\n\t\t\t\t\t<\/div>\n\t\t<\/div>\n\t\t\t\t\t<\/div>\n\t\t<\/section>\n\t\t\t\t\t<\/div>\n\t\t<\/div>\n\t\t\t\t\t<\/div>\n\t\t<\/section>\n\t\t\t\t<section class=\"elementor-section elementor-top-section elementor-element elementor-element-fc4443c elementor-section-boxed elementor-section-height-default elementor-section-height-default\" data-id=\"fc4443c\" data-element_type=\"section\" data-e-type=\"section\" data-settings=\"{&quot;background_background&quot;:&quot;classic&quot;}\">\n\t\t\t\t\t\t<div class=\"elementor-container elementor-column-gap-default\">\n\t\t\t\t\t<div class=\"elementor-column elementor-col-50 elementor-top-column elementor-element elementor-element-3a9240f\" data-id=\"3a9240f\" data-element_type=\"column\" data-e-type=\"column\">\n\t\t\t<div class=\"elementor-widget-wrap elementor-element-populated\">\n\t\t\t\t\t\t<div class=\"elementor-element elementor-element-f272ce6 elementor-widget elementor-widget-heading\" data-id=\"f272ce6\" data-element_type=\"widget\" data-e-type=\"widget\" data-widget_type=\"heading.default\">\n\t\t\t\t<div class=\"elementor-widget-container\">\n\t\t\t\t\t<h2 class=\"elementor-heading-title elementor-size-default\">Visites de groupe<\/h2>\t\t\t\t<\/div>\n\t\t\t\t<\/div>\n\t\t\t\t<div class=\"elementor-element elementor-element-bf06b55 elementor-widget elementor-widget-heading\" data-id=\"bf06b55\" data-element_type=\"widget\" data-e-type=\"widget\" data-widget_type=\"heading.default\">\n\t\t\t\t<div class=\"elementor-widget-container\">\n\t\t\t\t\t<p class=\"elementor-heading-title elementor-size-default\">Nous choisissons les programmes les plus actifs pour chaque segment de nos circuits que nous r\u00e9aliserons dans un certain quota. Vous aurez diff\u00e9rentes options et la possibilit\u00e9 de voyager vers diff\u00e9rentes destinations dans toute la Turquie, \u00e0 la fois pour vous faire des amis et pour vous d\u00e9tendre et vous reposer. Nous travaillons pour que vous ayez la plus belle exp\u00e9rience \u00e0 la diff\u00e9rence de NF NOW APRIL TRAVEL AGENCY, en choisissant de transfert \u00e0 nos guides qui parlent diff\u00e9rentes langues.<\/p>\t\t\t\t<\/div>\n\t\t\t\t<\/div>\n\t\t\t\t\t<\/div>\n\t\t<\/div>\n\t\t\t\t<div class=\"elementor-column elementor-col-50 elementor-top-column elementor-element elementor-element-3577790\" data-id=\"3577790\" data-element_type=\"column\" data-e-type=\"column\">\n\t\t\t<div class=\"elementor-widget-wrap elementor-element-populated\">\n\t\t\t\t\t\t<div class=\"elementor-element elementor-element-9accb27 elementor-widget elementor-widget-image\" data-id=\"9accb27\" data-element_type=\"widget\" data-e-type=\"widget\" data-widget_type=\"image.default\">\n\t\t\t\t<div class=\"elementor-widget-container\">\n\t\t\t\t\t\t\t\t\t\t\t\t\t\t\t<img decoding=\"async\" width=\"800\" height=\"640\" src=\"https:\/\/nf-nownisantasi.com\/wp-content\/uploads\/2022\/09\/4-3-1024x819.jpg\" class=\"attachment-large size-large wp-image-1268\" alt=\"\" srcset=\"https:\/\/nf-nownisantasi.com\/wp-content\/uploads\/2022\/09\/4-3-1024x819.jpg 1024w, https:\/\/nf-nownisantasi.com\/wp-content\/uploads\/2022\/09\/4-3-300x240.jpg 300w, https:\/\/nf-nownisantasi.com\/wp-content\/uploads\/2022\/09\/4-3-768x614.jpg 768w, https:\/\/nf-nownisantasi.com\/wp-content\/uploads\/2022\/09\/4-3-1536x1229.jpg 1536w, https:\/\/nf-nownisantasi.com\/wp-content\/uploads\/2022\/09\/4-3.jpg 2000w\" sizes=\"(max-width: 800px) 100vw, 800px\" \/>\t\t\t\t\t\t\t\t\t\t\t\t\t\t\t<\/div>\n\t\t\t\t<\/div>\n\t\t\t\t\t<\/div>\n\t\t<\/div>\n\t\t\t\t\t<\/div>\n\t\t<\/section>\n\t\t\t\t<section class=\"elementor-section elementor-top-section elementor-element elementor-element-e61491b elementor-reverse-mobile elementor-section-boxed elementor-section-height-default elementor-section-height-default\" data-id=\"e61491b\" data-element_type=\"section\" data-e-type=\"section\">\n\t\t\t\t\t\t<div class=\"elementor-container elementor-column-gap-default\">\n\t\t\t\t\t<div class=\"elementor-column elementor-col-50 elementor-top-column elementor-element elementor-element-0638ed1\" data-id=\"0638ed1\" data-element_type=\"column\" data-e-type=\"column\">\n\t\t\t<div class=\"elementor-widget-wrap elementor-element-populated\">\n\t\t\t\t\t\t<div class=\"elementor-element elementor-element-f2f5ea2 elementor-widget elementor-widget-image\" data-id=\"f2f5ea2\" data-element_type=\"widget\" data-e-type=\"widget\" data-widget_type=\"image.default\">\n\t\t\t\t<div class=\"elementor-widget-container\">\n\t\t\t\t\t\t\t\t\t\t\t\t\t\t\t<img loading=\"lazy\" decoding=\"async\" width=\"800\" height=\"640\" src=\"https:\/\/nf-nownisantasi.com\/wp-content\/uploads\/2022\/09\/15-1.jpg\" class=\"attachment-large size-large wp-image-1280\" alt=\"\" srcset=\"https:\/\/nf-nownisantasi.com\/wp-content\/uploads\/2022\/09\/15-1.jpg 800w, https:\/\/nf-nownisantasi.com\/wp-content\/uploads\/2022\/09\/15-1-300x240.jpg 300w, https:\/\/nf-nownisantasi.com\/wp-content\/uploads\/2022\/09\/15-1-768x614.jpg 768w\" sizes=\"(max-width: 800px) 100vw, 800px\" \/>\t\t\t\t\t\t\t\t\t\t\t\t\t\t\t<\/div>\n\t\t\t\t<\/div>\n\t\t\t\t\t<\/div>\n\t\t<\/div>\n\t\t\t\t<div class=\"elementor-column elementor-col-50 elementor-top-column elementor-element elementor-element-a24576b\" data-id=\"a24576b\" data-element_type=\"column\" data-e-type=\"column\">\n\t\t\t<div class=\"elementor-widget-wrap elementor-element-populated\">\n\t\t\t\t\t\t<div class=\"elementor-element elementor-element-d2166f7 elementor-widget elementor-widget-heading\" data-id=\"d2166f7\" data-element_type=\"widget\" data-e-type=\"widget\" data-widget_type=\"heading.default\">\n\t\t\t\t<div class=\"elementor-widget-container\">\n\t\t\t\t\t<h2 class=\"elementor-heading-title elementor-size-default\">Visites priv\u00e9es<\/h2>\t\t\t\t<\/div>\n\t\t\t\t<\/div>\n\t\t\t\t<div class=\"elementor-element elementor-element-04342ab elementor-widget elementor-widget-heading\" data-id=\"04342ab\" data-element_type=\"widget\" data-e-type=\"widget\" data-widget_type=\"heading.default\">\n\t\t\t\t<div class=\"elementor-widget-container\">\n\t\t\t\t\t<p class=\"elementor-heading-title elementor-size-default\">Laissez-nous parfaire le circuit que vous avez choisi et r\u00eav\u00e9, que ce soit pour vos amis ou votre famille, dans le nombre de personnes que vous choisirez.<\/p>\t\t\t\t<\/div>\n\t\t\t\t<\/div>\n\t\t\t\t\t<\/div>\n\t\t<\/div>\n\t\t\t\t\t<\/div>\n\t\t<\/section>\n\t\t\t\t<section class=\"elementor-section elementor-top-section elementor-element elementor-element-6c094da elementor-section-boxed elementor-section-height-default elementor-section-height-default\" data-id=\"6c094da\" data-element_type=\"section\" data-e-type=\"section\" data-settings=\"{&quot;background_background&quot;:&quot;classic&quot;}\">\n\t\t\t\t\t\t<div class=\"elementor-container elementor-column-gap-default\">\n\t\t\t\t\t<div class=\"elementor-column elementor-col-50 elementor-top-column elementor-element elementor-element-92d7f48\" data-id=\"92d7f48\" data-element_type=\"column\" data-e-type=\"column\">\n\t\t\t<div class=\"elementor-widget-wrap elementor-element-populated\">\n\t\t\t\t\t\t<div class=\"elementor-element elementor-element-4f198b6 elementor-widget elementor-widget-heading\" data-id=\"4f198b6\" data-element_type=\"widget\" data-e-type=\"widget\" data-widget_type=\"heading.default\">\n\t\t\t\t<div class=\"elementor-widget-container\">\n\t\t\t\t\t<h2 class=\"elementor-heading-title elementor-size-default\">Conf\u00e9rences<\/h2>\t\t\t\t<\/div>\n\t\t\t\t<\/div>\n\t\t\t\t<div class=\"elementor-element elementor-element-5fbda5f elementor-widget elementor-widget-heading\" data-id=\"5fbda5f\" data-element_type=\"widget\" data-e-type=\"widget\" data-widget_type=\"heading.default\">\n\t\t\t\t<div class=\"elementor-widget-container\">\n\t\t\t\t\t<p class=\"elementor-heading-title elementor-size-default\">Nous vous intervenons dans les plus beaux h\u00f4tels de Turquie pour vos congr\u00e8s et conf\u00e9rences importants. Vous pourrez repr\u00e9senter votre entreprise et effectuer un voyage d'affaires confortable en concluant des accords adapt\u00e9s \u00e0 votre culture d'entreprise.<\/p>\t\t\t\t<\/div>\n\t\t\t\t<\/div>\n\t\t\t\t\t<\/div>\n\t\t<\/div>\n\t\t\t\t<div class=\"elementor-column elementor-col-50 elementor-top-column elementor-element elementor-element-3db4bf1\" data-id=\"3db4bf1\" data-element_type=\"column\" data-e-type=\"column\">\n\t\t\t<div class=\"elementor-widget-wrap elementor-element-populated\">\n\t\t\t\t\t\t<div class=\"elementor-element elementor-element-b7f4bba elementor-widget elementor-widget-image\" data-id=\"b7f4bba\" data-element_type=\"widget\" data-e-type=\"widget\" data-widget_type=\"image.default\">\n\t\t\t\t<div class=\"elementor-widget-container\">\n\t\t\t\t\t\t\t\t\t\t\t\t\t\t\t<img loading=\"lazy\" decoding=\"async\" width=\"800\" height=\"640\" src=\"https:\/\/nf-nownisantasi.com\/wp-content\/uploads\/2022\/09\/9-3.jpg\" class=\"attachment-large size-large wp-image-1283\" alt=\"\" srcset=\"https:\/\/nf-nownisantasi.com\/wp-content\/uploads\/2022\/09\/9-3.jpg 800w, https:\/\/nf-nownisantasi.com\/wp-content\/uploads\/2022\/09\/9-3-300x240.jpg 300w, https:\/\/nf-nownisantasi.com\/wp-content\/uploads\/2022\/09\/9-3-768x614.jpg 768w\" sizes=\"(max-width: 800px) 100vw, 800px\" \/>\t\t\t\t\t\t\t\t\t\t\t\t\t\t\t<\/div>\n\t\t\t\t<\/div>\n\t\t\t\t\t<\/div>\n\t\t<\/div>\n\t\t\t\t\t<\/div>\n\t\t<\/section>\n\t\t\t\t<section class=\"elementor-section elementor-top-section elementor-element elementor-element-6459fdf elementor-reverse-mobile elementor-section-boxed elementor-section-height-default elementor-section-height-default\" data-id=\"6459fdf\" data-element_type=\"section\" data-e-type=\"section\">\n\t\t\t\t\t\t<div class=\"elementor-container elementor-column-gap-default\">\n\t\t\t\t\t<div class=\"elementor-column elementor-col-50 elementor-top-column elementor-element elementor-element-95a69fb\" data-id=\"95a69fb\" data-element_type=\"column\" data-e-type=\"column\">\n\t\t\t<div class=\"elementor-widget-wrap elementor-element-populated\">\n\t\t\t\t\t\t<div class=\"elementor-element elementor-element-6504632 elementor-widget elementor-widget-image\" data-id=\"6504632\" data-element_type=\"widget\" data-e-type=\"widget\" data-widget_type=\"image.default\">\n\t\t\t\t<div class=\"elementor-widget-container\">\n\t\t\t\t\t\t\t\t\t\t\t\t\t\t\t<img loading=\"lazy\" decoding=\"async\" width=\"800\" height=\"640\" src=\"https:\/\/nf-nownisantasi.com\/wp-content\/uploads\/2022\/09\/23.jpg\" class=\"attachment-large size-large wp-image-1286\" alt=\"\" srcset=\"https:\/\/nf-nownisantasi.com\/wp-content\/uploads\/2022\/09\/23.jpg 800w, https:\/\/nf-nownisantasi.com\/wp-content\/uploads\/2022\/09\/23-300x240.jpg 300w, https:\/\/nf-nownisantasi.com\/wp-content\/uploads\/2022\/09\/23-768x614.jpg 768w\" sizes=\"(max-width: 800px) 100vw, 800px\" \/>\t\t\t\t\t\t\t\t\t\t\t\t\t\t\t<\/div>\n\t\t\t\t<\/div>\n\t\t\t\t\t<\/div>\n\t\t<\/div>\n\t\t\t\t<div class=\"elementor-column elementor-col-50 elementor-top-column elementor-element elementor-element-ab6d56b\" data-id=\"ab6d56b\" data-element_type=\"column\" data-e-type=\"column\">\n\t\t\t<div class=\"elementor-widget-wrap elementor-element-populated\">\n\t\t\t\t\t\t<div class=\"elementor-element elementor-element-094cb38 elementor-widget elementor-widget-heading\" data-id=\"094cb38\" data-element_type=\"widget\" data-e-type=\"widget\" data-widget_type=\"heading.default\">\n\t\t\t\t<div class=\"elementor-widget-container\">\n\t\t\t\t\t<h2 class=\"elementor-heading-title elementor-size-default\">Visites gastronomiques<\/h2>\t\t\t\t<\/div>\n\t\t\t\t<\/div>\n\t\t\t\t<div class=\"elementor-element elementor-element-75b28e5 elementor-widget elementor-widget-heading\" data-id=\"75b28e5\" data-element_type=\"widget\" data-e-type=\"widget\" data-widget_type=\"heading.default\">\n\t\t\t\t<div class=\"elementor-widget-container\">\n\t\t\t\t\t<p class=\"elementor-heading-title elementor-size-default\">Kebab, Baklava, D\u00f6ner, Kunefe. Nous vous offrons la possibilit\u00e9 de d\u00e9guster toutes sortes de plats et de desserts de la cuisine turque dans les meilleurs restaurants des chefs. De cette fa\u00e7on, en plus de d\u00e9couvrir les sp\u00e9cialit\u00e9s turques cach\u00e9es, vous go\u00fbterez \u00e9galement les plats les plus c\u00e9l\u00e8bres des mains des meilleurs.<\/p>\t\t\t\t<\/div>\n\t\t\t\t<\/div>\n\t\t\t\t<div class=\"elementor-element elementor-element-40df32b elementor-widget elementor-widget-heading\" data-id=\"40df32b\" data-element_type=\"widget\" data-e-type=\"widget\" data-widget_type=\"heading.default\">\n\t\t\t\t<div class=\"elementor-widget-container\">\n\t\t\t\t\t<p class=\"elementor-heading-title elementor-size-default\">En tant que Now Ni\u015fanta\u015f\u0131, vous apprendrez les ficelles des recettes dans les ateliers que nous organiserons avec les c\u00e9l\u00e8bres et meilleurs chefs, et vous pourrez pr\u00e9parer ces d\u00e9lices \u00e0 la maison et vous ajouter de la valeur pour le reste de votre vie.<\/p>\t\t\t\t<\/div>\n\t\t\t\t<\/div>\n\t\t\t\t\t<\/div>\n\t\t<\/div>\n\t\t\t\t\t<\/div>\n\t\t<\/section>\n\t\t\t\t<section class=\"elementor-section elementor-top-section elementor-element elementor-element-0d779e7 elementor-section-boxed elementor-section-height-default elementor-section-height-default\" data-id=\"0d779e7\" data-element_type=\"section\" data-e-type=\"section\" data-settings=\"{&quot;background_background&quot;:&quot;classic&quot;}\">\n\t\t\t\t\t\t<div class=\"elementor-container elementor-column-gap-default\">\n\t\t\t\t\t<div class=\"elementor-column elementor-col-50 elementor-top-column elementor-element elementor-element-1a1d3aa\" data-id=\"1a1d3aa\" data-element_type=\"column\" data-e-type=\"column\">\n\t\t\t<div class=\"elementor-widget-wrap elementor-element-populated\">\n\t\t\t\t\t\t<div class=\"elementor-element elementor-element-dfc5db9 elementor-widget elementor-widget-heading\" data-id=\"dfc5db9\" data-element_type=\"widget\" data-e-type=\"widget\" data-widget_type=\"heading.default\">\n\t\t\t\t<div class=\"elementor-widget-container\">\n\t\t\t\t\t<h2 class=\"elementor-heading-title elementor-size-default\">Visites culturelles<\/h2>\t\t\t\t<\/div>\n\t\t\t\t<\/div>\n\t\t\t\t<div class=\"elementor-element elementor-element-9a190e8 elementor-widget elementor-widget-heading\" data-id=\"9a190e8\" data-element_type=\"widget\" data-e-type=\"widget\" data-widget_type=\"heading.default\">\n\t\t\t\t<div class=\"elementor-widget-container\">\n\t\t\t\t\t<p class=\"elementor-heading-title elementor-size-default\">Dans nos circuits, tant \u00e0 l'\u00e9tranger qu'au pays, notre premi\u00e8re priorit\u00e9 est de vous offrir l'opportunit\u00e9 d'observer les beaut\u00e9s et les diff\u00e9rences de notre culture, ainsi que votre satisfaction. Des artefacts importants nous ont \u00e9t\u00e9 l\u00e9gu\u00e9s par le patrimoine mondial\u00a0; Cela comprend la visite de lieux tels que des merveilles naturelles, des mus\u00e9es, des chefs-d'\u0153uvre, des \u00e9glises, des mosqu\u00e9es, des synagogues, des palais, des auberges, des lieux naturels et l'obtention d'informations en \u00e9coutant leurs processus historiques aupr\u00e8s de nos guides.<\/p>\t\t\t\t<\/div>\n\t\t\t\t<\/div>\n\t\t\t\t<div class=\"elementor-element elementor-element-c4485c8 elementor-widget elementor-widget-heading\" data-id=\"c4485c8\" data-element_type=\"widget\" data-e-type=\"widget\" data-widget_type=\"heading.default\">\n\t\t\t\t<div class=\"elementor-widget-container\">\n\t\t\t\t\t<p class=\"elementor-heading-title elementor-size-default\">Dans le contenu de nos circuits culturels, il y a aussi de belles activit\u00e9s qui am\u00e8neront le divertissement \u00e0 son paroxysme en passant des accords adapt\u00e9s \u00e0 votre culture d'entreprise.<\/p>\t\t\t\t<\/div>\n\t\t\t\t<\/div>\n\t\t\t\t\t<\/div>\n\t\t<\/div>\n\t\t\t\t<div class=\"elementor-column elementor-col-50 elementor-top-column elementor-element elementor-element-5130a7c\" data-id=\"5130a7c\" data-element_type=\"column\" data-e-type=\"column\">\n\t\t\t<div class=\"elementor-widget-wrap elementor-element-populated\">\n\t\t\t\t\t\t<div class=\"elementor-element elementor-element-8a10d08 elementor-widget elementor-widget-image\" data-id=\"8a10d08\" data-element_type=\"widget\" data-e-type=\"widget\" data-widget_type=\"image.default\">\n\t\t\t\t<div class=\"elementor-widget-container\">\n\t\t\t\t\t\t\t\t\t\t\t\t\t\t\t<img loading=\"lazy\" decoding=\"async\" width=\"800\" height=\"640\" src=\"https:\/\/nf-nownisantasi.com\/wp-content\/uploads\/2022\/09\/7-4.jpg\" class=\"attachment-large size-large wp-image-1289\" alt=\"\" srcset=\"https:\/\/nf-nownisantasi.com\/wp-content\/uploads\/2022\/09\/7-4.jpg 800w, https:\/\/nf-nownisantasi.com\/wp-content\/uploads\/2022\/09\/7-4-300x240.jpg 300w, https:\/\/nf-nownisantasi.com\/wp-content\/uploads\/2022\/09\/7-4-768x614.jpg 768w\" sizes=\"(max-width: 800px) 100vw, 800px\" \/>\t\t\t\t\t\t\t\t\t\t\t\t\t\t\t<\/div>\n\t\t\t\t<\/div>\n\t\t\t\t\t<\/div>\n\t\t<\/div>\n\t\t\t\t\t<\/div>\n\t\t<\/section>\n\t\t\t\t<\/div>\n\t\t","protected":false},"excerpt":{"rendered":"<p>D\u00e9couvrez le monde. L&rsquo;excellence dans la red\u00e9finition du voyage Bien plus que du tourisme, nous prenons soin de vous. Tourisme NOTRE AGENCE DE VOYAGE EN TURQUIE Nous avons cr\u00e9\u00e9 notre agence locale dans un \u00e9tat d&rsquo;esprit qui nous rassemble tous. Nous proposons des voyages de pures sensations, des sensations simples et fortes \u00e0 la fois&#8230; [&hellip;]<\/p>\n","protected":false},"author":2,"featured_media":0,"parent":0,"menu_order":0,"comment_status":"closed","ping_status":"closed","template":"elementor_header_footer","meta":{"footnotes":""},"class_list":["post-1858","page","type-page","status-publish","hentry"],"_links":{"self":[{"href":"https:\/\/nf-nownisantasi.com\/fr\/wp-json\/wp\/v2\/pages\/1858","targetHints":{"allow":["GET"]}}],"collection":[{"href":"https:\/\/nf-nownisantasi.com\/fr\/wp-json\/wp\/v2\/pages"}],"about":[{"href":"https:\/\/nf-nownisantasi.com\/fr\/wp-json\/wp\/v2\/types\/page"}],"author":[{"embeddable":true,"href":"https:\/\/nf-nownisantasi.com\/fr\/wp-json\/wp\/v2\/users\/2"}],"replies":[{"embeddable":true,"href":"https:\/\/nf-nownisantasi.com\/fr\/wp-json\/wp\/v2\/comments?post=1858"}],"version-history":[{"count":4,"href":"https:\/\/nf-nownisantasi.com\/fr\/wp-json\/wp\/v2\/pages\/1858\/revisions"}],"predecessor-version":[{"id":1863,"href":"https:\/\/nf-nownisantasi.com\/fr\/wp-json\/wp\/v2\/pages\/1858\/revisions\/1863"}],"wp:attachment":[{"href":"https:\/\/nf-nownisantasi.com\/fr\/wp-json\/wp\/v2\/media?parent=1858"}],"curies":[{"name":"wp","href":"https:\/\/api.w.org\/{rel}","templated":true}]}}