{"id":1949,"date":"2022-09-25T14:01:40","date_gmt":"2022-09-25T14:01:40","guid":{"rendered":"https:\/\/new.nf-nownisantasi.com\/about-us\/"},"modified":"2023-05-25T13:25:01","modified_gmt":"2023-05-25T13:25:01","slug":"about-us","status":"publish","type":"page","link":"https:\/\/nf-nownisantasi.com\/tr\/about-us\/","title":{"rendered":"Hakk\u0131m\u0131zda"},"content":{"rendered":"\t\t<div data-elementor-type=\"wp-page\" data-elementor-id=\"1949\" class=\"elementor elementor-1949 elementor-469\" data-elementor-post-type=\"page\">\n\t\t\t\t\t\t<section class=\"elementor-section elementor-top-section elementor-element elementor-element-d6e6a91 elementor-section-full_width elementor-section-height-default elementor-section-height-default\" data-id=\"d6e6a91\" data-element_type=\"section\" data-e-type=\"section\">\n\t\t\t\t\t\t<div class=\"elementor-container elementor-column-gap-default\">\n\t\t\t\t\t<div class=\"elementor-column elementor-col-100 elementor-top-column elementor-element elementor-element-fc008cc\" data-id=\"fc008cc\" data-element_type=\"column\" data-e-type=\"column\">\n\t\t\t<div class=\"elementor-widget-wrap\">\n\t\t\t\t\t\t\t<\/div>\n\t\t<\/div>\n\t\t\t\t\t<\/div>\n\t\t<\/section>\n\t\t\t\t<section class=\"elementor-section elementor-top-section elementor-element elementor-element-f122e5b elementor-reverse-mobile elementor-section-boxed elementor-section-height-default elementor-section-height-default\" data-id=\"f122e5b\" data-element_type=\"section\" data-e-type=\"section\">\n\t\t\t\t\t\t<div class=\"elementor-container elementor-column-gap-default\">\n\t\t\t\t\t<div class=\"elementor-column elementor-col-100 elementor-top-column elementor-element elementor-element-a9aa3ed\" data-id=\"a9aa3ed\" data-element_type=\"column\" data-e-type=\"column\">\n\t\t\t<div class=\"elementor-widget-wrap elementor-element-populated\">\n\t\t\t\t\t\t<div class=\"elementor-element elementor-element-464d123 elementor-widget elementor-widget-heading\" data-id=\"464d123\" data-element_type=\"widget\" data-e-type=\"widget\" data-widget_type=\"heading.default\">\n\t\t\t\t<div class=\"elementor-widget-container\">\n\t\t\t\t\t<h2 class=\"elementor-heading-title elementor-size-default\">Hakk\u0131m\u0131zda<\/h2>\t\t\t\t<\/div>\n\t\t\t\t<\/div>\n\t\t\t\t<section class=\"elementor-section elementor-inner-section elementor-element elementor-element-a8e4e48 elementor-reverse-mobile elementor-section-boxed elementor-section-height-default elementor-section-height-default\" data-id=\"a8e4e48\" data-element_type=\"section\" data-e-type=\"section\">\n\t\t\t\t\t\t<div class=\"elementor-container elementor-column-gap-default\">\n\t\t\t\t\t<div class=\"elementor-column elementor-col-50 elementor-inner-column elementor-element elementor-element-b474f4b\" data-id=\"b474f4b\" data-element_type=\"column\" data-e-type=\"column\">\n\t\t\t<div class=\"elementor-widget-wrap elementor-element-populated\">\n\t\t\t\t\t\t<div class=\"elementor-element elementor-element-080e52d elementor-widget elementor-widget-image\" data-id=\"080e52d\" data-element_type=\"widget\" data-e-type=\"widget\" data-widget_type=\"image.default\">\n\t\t\t\t<div class=\"elementor-widget-container\">\n\t\t\t\t\t\t\t\t\t\t\t\t\t\t\t<img fetchpriority=\"high\" decoding=\"async\" width=\"800\" height=\"450\" src=\"https:\/\/nf-nownisantasi.com\/wp-content\/uploads\/2022\/09\/3-6.jpg\" class=\"attachment-large size-large wp-image-1299\" alt=\"\" srcset=\"https:\/\/nf-nownisantasi.com\/wp-content\/uploads\/2022\/09\/3-6.jpg 800w, https:\/\/nf-nownisantasi.com\/wp-content\/uploads\/2022\/09\/3-6-300x169.jpg 300w, https:\/\/nf-nownisantasi.com\/wp-content\/uploads\/2022\/09\/3-6-768x432.jpg 768w\" sizes=\"(max-width: 800px) 100vw, 800px\" \/>\t\t\t\t\t\t\t\t\t\t\t\t\t\t\t<\/div>\n\t\t\t\t<\/div>\n\t\t\t\t<div class=\"elementor-element elementor-element-d6e15d9 elementor-widget elementor-widget-image\" data-id=\"d6e15d9\" data-element_type=\"widget\" data-e-type=\"widget\" data-widget_type=\"image.default\">\n\t\t\t\t<div class=\"elementor-widget-container\">\n\t\t\t\t\t\t\t\t\t\t\t\t\t\t\t<img decoding=\"async\" width=\"800\" height=\"640\" src=\"https:\/\/nf-nownisantasi.com\/wp-content\/uploads\/2022\/09\/5-6-1024x819.jpg\" class=\"attachment-large size-large wp-image-1263\" alt=\"\" srcset=\"https:\/\/nf-nownisantasi.com\/wp-content\/uploads\/2022\/09\/5-6-1024x819.jpg 1024w, https:\/\/nf-nownisantasi.com\/wp-content\/uploads\/2022\/09\/5-6-300x240.jpg 300w, https:\/\/nf-nownisantasi.com\/wp-content\/uploads\/2022\/09\/5-6-768x614.jpg 768w, https:\/\/nf-nownisantasi.com\/wp-content\/uploads\/2022\/09\/5-6-1536x1229.jpg 1536w, https:\/\/nf-nownisantasi.com\/wp-content\/uploads\/2022\/09\/5-6.jpg 2000w\" sizes=\"(max-width: 800px) 100vw, 800px\" \/>\t\t\t\t\t\t\t\t\t\t\t\t\t\t\t<\/div>\n\t\t\t\t<\/div>\n\t\t\t\t\t<\/div>\n\t\t<\/div>\n\t\t\t\t<div class=\"elementor-column elementor-col-50 elementor-inner-column elementor-element elementor-element-c5f7ae3\" data-id=\"c5f7ae3\" data-element_type=\"column\" data-e-type=\"column\">\n\t\t\t<div class=\"elementor-widget-wrap elementor-element-populated\">\n\t\t\t\t\t\t<div class=\"elementor-element elementor-element-abb920c elementor-widget elementor-widget-heading\" data-id=\"abb920c\" data-element_type=\"widget\" data-e-type=\"widget\" data-widget_type=\"heading.default\">\n\t\t\t\t<div class=\"elementor-widget-container\">\n\t\t\t\t\t<h2 class=\"elementor-heading-title elementor-size-default\">NEDEN \u2018NOW N\u0130\u015eANTA\u015eI\u2019 SA\u011eLIK TUR\u0130ZM\u0130 \u0130\u00c7\u0130N EN \u0130Y\u0130 SE\u00c7\u0130MD\u0130R?<\/h2>\t\t\t\t<\/div>\n\t\t\t\t<\/div>\n\t\t\t\t<div class=\"elementor-element elementor-element-fbb878b elementor-widget elementor-widget-heading\" data-id=\"fbb878b\" data-element_type=\"widget\" data-e-type=\"widget\" data-widget_type=\"heading.default\">\n\t\t\t\t<div class=\"elementor-widget-container\">\n\t\t\t\t\t<p class=\"elementor-heading-title elementor-size-default\">T\u00fcrkiye, son y\u0131llarda d\u00fcnyan\u0131n en g\u00fc\u00e7l\u00fc ekonomik b\u00fcy\u00fcmelerinden birini ya\u015f\u0131yor. Bu, sa\u011fl\u0131k alan\u0131nda \u00f6nemli devlet yat\u0131r\u0131mlar\u0131 ile sonu\u00e7lanm\u0131\u015ft\u0131r.<\/p>\t\t\t\t<\/div>\n\t\t\t\t<\/div>\n\t\t\t\t<div class=\"elementor-element elementor-element-9a61e2d elementor-widget elementor-widget-heading\" data-id=\"9a61e2d\" data-element_type=\"widget\" data-e-type=\"widget\" data-widget_type=\"heading.default\">\n\t\t\t\t<div class=\"elementor-widget-container\">\n\t\t\t\t\t<p class=\"elementor-heading-title elementor-size-default\">T\u00fcrkiye art\u0131k Avrupa, Amerika Birle\u015fik Devletleri ve di\u011fer Bat\u0131l\u0131 \u00fclkelere k\u0131yasla \u00e7ok daha cazip bir fiyata daha kaliteli tedaviler sunmaktad\u0131r. Kan\u0131t olarak da ziyaret\u00e7ilerin \u00e7o\u011funlu\u011fu Avrupa, Afrika, Rusya ve K\u00f6rfez \u00fclkelerinden gelmektedir.<\/p>\t\t\t\t<\/div>\n\t\t\t\t<\/div>\n\t\t\t\t<div class=\"elementor-element elementor-element-0760ea4 elementor-widget elementor-widget-heading\" data-id=\"0760ea4\" data-element_type=\"widget\" data-e-type=\"widget\" data-widget_type=\"heading.default\">\n\t\t\t\t<div class=\"elementor-widget-container\">\n\t\t\t\t\t<p class=\"elementor-heading-title elementor-size-default\">Uzmanlara g\u00f6re T\u00fcrkiye, \u00f6zellikle yeni \u015fehir hastanelerinin in\u015fas\u0131yla beraber, 2022'de yeni bir rekor k\u0131rabilir. Bu h\u0131rs, K\u00fclt\u00fcr ve Sa\u011fl\u0131k Bakanlar\u0131 taraf\u0131ndan \u00e7ok g\u00fc\u00e7l\u00fc bir \u015fekilde desteklenmektedir.<\/p>\t\t\t\t<\/div>\n\t\t\t\t<\/div>\n\t\t\t\t<div class=\"elementor-element elementor-element-4fa4a46 elementor-widget elementor-widget-heading\" data-id=\"4fa4a46\" data-element_type=\"widget\" data-e-type=\"widget\" data-widget_type=\"heading.default\">\n\t\t\t\t<div class=\"elementor-widget-container\">\n\t\t\t\t\t<p class=\"elementor-heading-title elementor-size-default\">Bu ba\u015far\u0131n\u0131n pek \u00e7ok nedeni var: deneyimli cerrahlar, \u00fcst\u00fcn kaliteli hizmet, yenilik\u00e7i teknoloji, avantajl\u0131 fiyatlar, vs\u2026<\/p>\t\t\t\t<\/div>\n\t\t\t\t<\/div>\n\t\t\t\t<div class=\"elementor-element elementor-element-7467e02 elementor-widget elementor-widget-heading\" data-id=\"7467e02\" data-element_type=\"widget\" data-e-type=\"widget\" data-widget_type=\"heading.default\">\n\t\t\t\t<div class=\"elementor-widget-container\">\n\t\t\t\t\t<p class=\"elementor-heading-title elementor-size-default\">T\u00fcrkiye'de baz\u0131 ameliyatlar\u0131n fiyat\u0131 %80 daha ucuz. \u00d6rne\u011fin, sa\u00e7 ekimi Fransa'ya g\u00f6re \u00e7ok daha avantajl\u0131d\u0131r. Tercih edilen destinasyonlar\u0131n \u0130stanbul, Antalya, \u0130zmir ve Ankara oldu\u011funu unutmay\u0131n.<\/p>\t\t\t\t<\/div>\n\t\t\t\t<\/div>\n\t\t\t\t\t<\/div>\n\t\t<\/div>\n\t\t\t\t\t<\/div>\n\t\t<\/section>\n\t\t\t\t\t<\/div>\n\t\t<\/div>\n\t\t\t\t\t<\/div>\n\t\t<\/section>\n\t\t\t\t<section class=\"elementor-section elementor-top-section elementor-element elementor-element-b2e8b23 elementor-section-boxed elementor-section-height-default elementor-section-height-default\" data-id=\"b2e8b23\" data-element_type=\"section\" data-e-type=\"section\" data-settings=\"{&quot;background_background&quot;:&quot;classic&quot;}\">\n\t\t\t\t\t\t<div class=\"elementor-container elementor-column-gap-default\">\n\t\t\t\t\t<div class=\"elementor-column elementor-col-50 elementor-top-column elementor-element elementor-element-637f07c\" data-id=\"637f07c\" data-element_type=\"column\" data-e-type=\"column\">\n\t\t\t<div class=\"elementor-widget-wrap elementor-element-populated\">\n\t\t\t\t\t\t<div class=\"elementor-element elementor-element-a0c684e elementor-widget elementor-widget-heading\" data-id=\"a0c684e\" data-element_type=\"widget\" data-e-type=\"widget\" data-widget_type=\"heading.default\">\n\t\t\t\t<div class=\"elementor-widget-container\">\n\t\t\t\t\t<h2 class=\"elementor-heading-title elementor-size-default\">SA\u011eLIK TUR\u0130ZM\u0130NDE NEDEN T\u00dcRK\u0130YE?<\/h2>\t\t\t\t<\/div>\n\t\t\t\t<\/div>\n\t\t\t\t<div class=\"elementor-element elementor-element-d9f5543 elementor-widget elementor-widget-heading\" data-id=\"d9f5543\" data-element_type=\"widget\" data-e-type=\"widget\" data-widget_type=\"heading.default\">\n\t\t\t\t<div class=\"elementor-widget-container\">\n\t\t\t\t\t<p class=\"elementor-heading-title elementor-size-default\">\u2022 Her \u015fey d\u00e2hil gezi: bilet, havaalan\u0131 transferi, l\u00fcks konaklama, iyile\u015fme d\u00f6nemine kadar turizm program\u0131<br>\n\u2022 \u0130kamet evraklar\u0131 i\u00e7in idari prosed\u00fcrlerin kolayl\u0131\u011f\u0131<br>\n\u2022 Sa\u011flanan bak\u0131m\u0131n kalitesi<br>\n\u2022 Bak\u0131m maliyeti<br>\n\u2022 H\u0131zl\u0131 destek<br>\n\u2022 En son teknoloji<br>\n\u2022 Cerrahlar\u0131n uzmanl\u0131\u011f\u0131<br>\n\u2022 \u0130nsanlar\u0131n misafirperverli\u011fi\n<\/p>\t\t\t\t<\/div>\n\t\t\t\t<\/div>\n\t\t\t\t<div class=\"elementor-element elementor-element-65ac026 elementor-widget elementor-widget-heading\" data-id=\"65ac026\" data-element_type=\"widget\" data-e-type=\"widget\" data-widget_type=\"heading.default\">\n\t\t\t\t<div class=\"elementor-widget-container\">\n\t\t\t\t\t<p class=\"elementor-heading-title elementor-size-default\">Anlayaca\u011f\u0131n\u0131z \u00fczere T\u00fcrkiye'de sa\u011fl\u0131k turizmin avantajlar\u0131 say\u0131s\u0131z, korkular\u0131n\u0131za son verecek d\u00fczeydedir!<\/p>\t\t\t\t<\/div>\n\t\t\t\t<\/div>\n\t\t\t\t<div class=\"elementor-element elementor-element-4a649ad elementor-widget elementor-widget-heading\" data-id=\"4a649ad\" data-element_type=\"widget\" data-e-type=\"widget\" data-widget_type=\"heading.default\">\n\t\t\t\t<div class=\"elementor-widget-container\">\n\t\t\t\t\t<p class=\"elementor-heading-title elementor-size-default\">Uluslar aras\u0131 Sa\u011fl\u0131k Bakanl\u0131\u011f\u0131 Sa\u011fl\u0131k Turizmi arac\u0131 kurulu\u015f yetki belgesine sahip bir firmay\u0131z.<\/p>\t\t\t\t<\/div>\n\t\t\t\t<\/div>\n\t\t\t\t\t<\/div>\n\t\t<\/div>\n\t\t\t\t<div class=\"elementor-column elementor-col-50 elementor-top-column elementor-element elementor-element-9c0ecc1\" data-id=\"9c0ecc1\" data-element_type=\"column\" data-e-type=\"column\">\n\t\t\t<div class=\"elementor-widget-wrap elementor-element-populated\">\n\t\t\t\t\t\t<div class=\"elementor-element elementor-element-158bbca elementor-widget elementor-widget-image\" data-id=\"158bbca\" data-element_type=\"widget\" data-e-type=\"widget\" data-widget_type=\"image.default\">\n\t\t\t\t<div class=\"elementor-widget-container\">\n\t\t\t\t\t\t\t\t\t\t\t\t\t\t\t<img decoding=\"async\" width=\"800\" height=\"450\" src=\"https:\/\/nf-nownisantasi.com\/wp-content\/uploads\/2022\/09\/2-4.jpg\" class=\"attachment-large size-large wp-image-1302\" alt=\"\" srcset=\"https:\/\/nf-nownisantasi.com\/wp-content\/uploads\/2022\/09\/2-4.jpg 800w, https:\/\/nf-nownisantasi.com\/wp-content\/uploads\/2022\/09\/2-4-300x169.jpg 300w, https:\/\/nf-nownisantasi.com\/wp-content\/uploads\/2022\/09\/2-4-768x432.jpg 768w\" sizes=\"(max-width: 800px) 100vw, 800px\" \/>\t\t\t\t\t\t\t\t\t\t\t\t\t\t\t<\/div>\n\t\t\t\t<\/div>\n\t\t\t\t<div class=\"elementor-element elementor-element-d65beab elementor-widget elementor-widget-image\" data-id=\"d65beab\" data-element_type=\"widget\" data-e-type=\"widget\" data-widget_type=\"image.default\">\n\t\t\t\t<div class=\"elementor-widget-container\">\n\t\t\t\t\t\t\t\t\t\t\t\t\t\t\t<img loading=\"lazy\" decoding=\"async\" width=\"800\" height=\"640\" src=\"https:\/\/nf-nownisantasi.com\/wp-content\/uploads\/2022\/09\/15-1.jpg\" class=\"attachment-large size-large wp-image-1281\" alt=\"\" srcset=\"https:\/\/nf-nownisantasi.com\/wp-content\/uploads\/2022\/09\/15-1.jpg 800w, https:\/\/nf-nownisantasi.com\/wp-content\/uploads\/2022\/09\/15-1-300x240.jpg 300w, https:\/\/nf-nownisantasi.com\/wp-content\/uploads\/2022\/09\/15-1-768x614.jpg 768w\" sizes=\"(max-width: 800px) 100vw, 800px\" \/>\t\t\t\t\t\t\t\t\t\t\t\t\t\t\t<\/div>\n\t\t\t\t<\/div>\n\t\t\t\t\t<\/div>\n\t\t<\/div>\n\t\t\t\t\t<\/div>\n\t\t<\/section>\n\t\t\t\t<\/div>\n\t\t","protected":false},"excerpt":{"rendered":"<p>SA\u011eLI\u011eINIZI \u00d6nemseyin! kaliteli bir ya\u015fam i\u00e7in, Hakk\u0131m\u0131zda NEDEN \u2018NOW N\u0130\u015eANTA\u015eI\u2019 SA\u011eLIK TUR\u0130ZM\u0130 \u0130\u00c7\u0130N EN \u0130Y\u0130 SE\u00c7\u0130MD\u0130R? T\u00fcrkiye, son y\u0131llarda d\u00fcnyan\u0131n en g\u00fc\u00e7l\u00fc ekonomik b\u00fcy\u00fcmelerinden birini ya\u015f\u0131yor. Bu, sa\u011fl\u0131k alan\u0131nda \u00f6nemli devlet yat\u0131r\u0131mlar\u0131 ile sonu\u00e7lanm\u0131\u015ft\u0131r. T\u00fcrkiye art\u0131k Avrupa, Amerika Birle\u015fik Devletleri ve di\u011fer Bat\u0131l\u0131 \u00fclkelere k\u0131yasla \u00e7ok daha cazip bir fiyata daha kaliteli tedaviler sunmaktad\u0131r. Kan\u0131t [&hellip;]<\/p>\n","protected":false},"author":2,"featured_media":0,"parent":0,"menu_order":0,"comment_status":"closed","ping_status":"closed","template":"elementor_header_footer","meta":{"footnotes":""},"class_list":["post-1949","page","type-page","status-publish","hentry"],"_links":{"self":[{"href":"https:\/\/nf-nownisantasi.com\/tr\/wp-json\/wp\/v2\/pages\/1949","targetHints":{"allow":["GET"]}}],"collection":[{"href":"https:\/\/nf-nownisantasi.com\/tr\/wp-json\/wp\/v2\/pages"}],"about":[{"href":"https:\/\/nf-nownisantasi.com\/tr\/wp-json\/wp\/v2\/types\/page"}],"author":[{"embeddable":true,"href":"https:\/\/nf-nownisantasi.com\/tr\/wp-json\/wp\/v2\/users\/2"}],"replies":[{"embeddable":true,"href":"https:\/\/nf-nownisantasi.com\/tr\/wp-json\/wp\/v2\/comments?post=1949"}],"version-history":[{"count":26,"href":"https:\/\/nf-nownisantasi.com\/tr\/wp-json\/wp\/v2\/pages\/1949\/revisions"}],"predecessor-version":[{"id":2731,"href":"https:\/\/nf-nownisantasi.com\/tr\/wp-json\/wp\/v2\/pages\/1949\/revisions\/2731"}],"wp:attachment":[{"href":"https:\/\/nf-nownisantasi.com\/tr\/wp-json\/wp\/v2\/media?parent=1949"}],"curies":[{"name":"wp","href":"https:\/\/api.w.org\/{rel}","templated":true}]}}