{"id":1997,"date":"2022-09-26T00:11:19","date_gmt":"2022-09-26T00:11:19","guid":{"rendered":"https:\/\/new.nf-nownisantasi.com\/blog\/"},"modified":"2022-10-11T21:43:52","modified_gmt":"2022-10-11T21:43:52","slug":"blog","status":"publish","type":"page","link":"https:\/\/nf-nownisantasi.com\/tr\/blog\/","title":{"rendered":"Blog"},"content":{"rendered":"\t\t<div data-elementor-type=\"wp-page\" data-elementor-id=\"1997\" class=\"elementor elementor-1997 elementor-738\" data-elementor-post-type=\"page\">\n\t\t\t\t\t\t<section class=\"elementor-section elementor-top-section elementor-element elementor-element-0fac07c elementor-section-boxed elementor-section-height-default elementor-section-height-default\" data-id=\"0fac07c\" data-element_type=\"section\" data-e-type=\"section\" data-settings=\"{&quot;background_background&quot;:&quot;classic&quot;}\">\n\t\t\t\t\t\t\t<div class=\"elementor-background-overlay\"><\/div>\n\t\t\t\t\t\t\t<div class=\"elementor-container elementor-column-gap-default\">\n\t\t\t\t\t<div class=\"elementor-column elementor-col-100 elementor-top-column elementor-element elementor-element-b18f51d\" data-id=\"b18f51d\" data-element_type=\"column\" data-e-type=\"column\">\n\t\t\t<div class=\"elementor-widget-wrap elementor-element-populated\">\n\t\t\t\t\t\t<div class=\"elementor-element elementor-element-4e964fe elementor-widget elementor-widget-theme-post-title elementor-page-title elementor-widget-heading\" data-id=\"4e964fe\" data-element_type=\"widget\" data-e-type=\"widget\" data-widget_type=\"theme-post-title.default\">\n\t\t\t\t<div class=\"elementor-widget-container\">\n\t\t\t\t\t<h1 class=\"elementor-heading-title elementor-size-default\">Blog<\/h1>\t\t\t\t<\/div>\n\t\t\t\t<\/div>\n\t\t\t\t\t<\/div>\n\t\t<\/div>\n\t\t\t\t\t<\/div>\n\t\t<\/section>\n\t\t\t\t<section class=\"elementor-section elementor-top-section elementor-element elementor-element-dbaf7b4 elementor-section-boxed elementor-section-height-default elementor-section-height-default\" data-id=\"dbaf7b4\" data-element_type=\"section\" data-e-type=\"section\">\n\t\t\t\t\t\t<div class=\"elementor-container elementor-column-gap-default\">\n\t\t\t\t\t<div class=\"elementor-column elementor-col-100 elementor-top-column elementor-element elementor-element-2517f7b\" data-id=\"2517f7b\" data-element_type=\"column\" data-e-type=\"column\">\n\t\t\t<div class=\"elementor-widget-wrap elementor-element-populated\">\n\t\t\t\t\t\t<div class=\"elementor-element elementor-element-7dc2568 elementor-grid-3 elementor-grid-tablet-2 elementor-grid-mobile-1 elementor-posts--thumbnail-top elementor-card-shadow-yes elementor-posts__hover-gradient load-more-align-center elementor-widget elementor-widget-posts\" data-id=\"7dc2568\" data-element_type=\"widget\" data-e-type=\"widget\" data-settings=\"{&quot;pagination_type&quot;:&quot;load_more_on_click&quot;,&quot;cards_columns&quot;:&quot;3&quot;,&quot;cards_columns_tablet&quot;:&quot;2&quot;,&quot;cards_columns_mobile&quot;:&quot;1&quot;,&quot;cards_row_gap&quot;:{&quot;unit&quot;:&quot;px&quot;,&quot;size&quot;:35,&quot;sizes&quot;:[]},&quot;cards_row_gap_tablet&quot;:{&quot;unit&quot;:&quot;px&quot;,&quot;size&quot;:&quot;&quot;,&quot;sizes&quot;:[]},&quot;cards_row_gap_mobile&quot;:{&quot;unit&quot;:&quot;px&quot;,&quot;size&quot;:&quot;&quot;,&quot;sizes&quot;:[]},&quot;load_more_spinner&quot;:{&quot;value&quot;:&quot;fas fa-spinner&quot;,&quot;library&quot;:&quot;fa-solid&quot;}}\" data-widget_type=\"posts.cards\">\n\t\t\t\t<div class=\"elementor-widget-container\">\n\t\t\t\t\t\t\t<div class=\"elementor-posts-container elementor-posts elementor-posts--skin-cards elementor-grid\">\n\t\t\t\t<article class=\"elementor-post elementor-grid-item post-2348 post type-post status-publish format-standard has-post-thumbnail hentry category-cosmetic-surgery-tr category-hair-transplant-tr category-medical-articles-tr\">\n\t\t\t<div class=\"elementor-post__card\">\n\t\t\t\t<a class=\"elementor-post__thumbnail__link\" href=\"https:\/\/nf-nownisantasi.com\/tr\/best-hair-transplant-deals-in-turkey-in-fue-december-2022\/\" tabindex=\"-1\" ><div class=\"elementor-post__thumbnail\"><img fetchpriority=\"high\" decoding=\"async\" width=\"300\" height=\"240\" src=\"https:\/\/nf-nownisantasi.com\/wp-content\/uploads\/2022\/12\/3-300x240.jpg\" class=\"attachment-medium size-medium wp-image-2299\" alt=\"FUE hair transplantation techniques , best price in istanbul.\" srcset=\"https:\/\/nf-nownisantasi.com\/wp-content\/uploads\/2022\/12\/3-300x240.jpg 300w, https:\/\/nf-nownisantasi.com\/wp-content\/uploads\/2022\/12\/3-1024x819.jpg 1024w, https:\/\/nf-nownisantasi.com\/wp-content\/uploads\/2022\/12\/3-768x614.jpg 768w, https:\/\/nf-nownisantasi.com\/wp-content\/uploads\/2022\/12\/3-1536x1229.jpg 1536w, https:\/\/nf-nownisantasi.com\/wp-content\/uploads\/2022\/12\/3-2048x1638.jpg 2048w\" sizes=\"(max-width: 300px) 100vw, 300px\" \/><\/div><\/a>\n\t\t\t\t<div class=\"elementor-post__badge\">Kozmetik Cerrahi<\/div>\n\t\t\t\t<div class=\"elementor-post__text\">\n\t\t\t\t<h3 class=\"elementor-post__title\">\n\t\t\t<a href=\"https:\/\/nf-nownisantasi.com\/tr\/best-hair-transplant-deals-in-turkey-in-fue-december-2022\/\" >\n\t\t\t\tBest hair transplant deals in Turkey in FUE December 2022\t\t\t<\/a>\n\t\t<\/h3>\n\t\t\t\t<div class=\"elementor-post__excerpt\">\n\t\t\t<p>&nbsp; Visited Istanbul and had a hair transplant in just 3 days. Most people suffer from hair loss and baldness at some point in their<\/p>\n\t\t<\/div>\n\t\t\t\t<\/div>\n\t\t\t\t\t<\/div>\n\t\t<\/article>\n\t\t\t\t<article class=\"elementor-post elementor-grid-item post-2345 post type-post status-publish format-standard hentry\">\n\t\t\t<div class=\"elementor-post__card\">\n\t\t\t\t<div class=\"elementor-post__text\">\n\t\t\t\t<h3 class=\"elementor-post__title\">\n\t\t\t<a href=\"https:\/\/nf-nownisantasi.com\/tr\/fue-best-hair-transplant-offer-in-turkey-for-december-2022\/\" >\n\t\t\t\tFUE BEST HAIR TRANSPLANT OFFER IN TURKEY FOR DECEMBER 2022\t\t\t<\/a>\n\t\t<\/h3>\n\t\t\t\t<div class=\"elementor-post__excerpt\">\n\t\t\t\t\t<\/div>\n\t\t\t\t<\/div>\n\t\t\t\t\t<\/div>\n\t\t<\/article>\n\t\t\t\t<article class=\"elementor-post elementor-grid-item post-2266 post type-post status-publish format-standard has-post-thumbnail hentry\">\n\t\t\t<div class=\"elementor-post__card\">\n\t\t\t\t<a class=\"elementor-post__thumbnail__link\" href=\"https:\/\/nf-nownisantasi.com\/tr\/botox-injections\/\" tabindex=\"-1\" ><div class=\"elementor-post__thumbnail\"><img decoding=\"async\" width=\"300\" height=\"223\" src=\"https:\/\/nf-nownisantasi.com\/wp-content\/uploads\/2022\/09\/WhatsApp-Image-2022-09-26-at-4.12.00-AM-300x223.jpeg\" class=\"attachment-medium size-medium wp-image-1578\" alt=\"\" srcset=\"https:\/\/nf-nownisantasi.com\/wp-content\/uploads\/2022\/09\/WhatsApp-Image-2022-09-26-at-4.12.00-AM-300x223.jpeg 300w, https:\/\/nf-nownisantasi.com\/wp-content\/uploads\/2022\/09\/WhatsApp-Image-2022-09-26-at-4.12.00-AM-1024x762.jpeg 1024w, https:\/\/nf-nownisantasi.com\/wp-content\/uploads\/2022\/09\/WhatsApp-Image-2022-09-26-at-4.12.00-AM-768x571.jpeg 768w, https:\/\/nf-nownisantasi.com\/wp-content\/uploads\/2022\/09\/WhatsApp-Image-2022-09-26-at-4.12.00-AM-1536x1142.jpeg 1536w, https:\/\/nf-nownisantasi.com\/wp-content\/uploads\/2022\/09\/WhatsApp-Image-2022-09-26-at-4.12.00-AM.jpeg 1600w\" sizes=\"(max-width: 300px) 100vw, 300px\" \/><\/div><\/a>\n\t\t\t\t<div class=\"elementor-post__text\">\n\t\t\t\t<h3 class=\"elementor-post__title\">\n\t\t\t<a href=\"https:\/\/nf-nownisantasi.com\/tr\/botox-injections\/\" >\n\t\t\t\tBotoks enjeksiyonlar\u0131\t\t\t<\/a>\n\t\t<\/h3>\n\t\t\t\t<div class=\"elementor-post__excerpt\">\n\t\t\t<p>Botox (botulinum toksini) enjeksiyonlar\u0131, kaz aya\u011f\u0131 ve ka\u015f \u00e7atma \u00e7izgileri gibi ince \u00e7izgileri ve k\u0131r\u0131\u015f\u0131kl\u0131klar\u0131 d\u00fczeltmek i\u00e7in y\u00fcz\u00fcn\u00fczdeki kaslar\u0131 gev\u015fetir. Kal\u0131c\u0131 de\u011fildir &#8211; genellikle yakla\u015f\u0131k<\/p>\n\t\t<\/div>\n\t\t\t\t<\/div>\n\t\t\t\t\t<\/div>\n\t\t<\/article>\n\t\t\t\t<article class=\"elementor-post elementor-grid-item post-2257 post type-post status-publish format-standard has-post-thumbnail hentry category-cosmetic-surgery-tr\">\n\t\t\t<div class=\"elementor-post__card\">\n\t\t\t\t<a class=\"elementor-post__thumbnail__link\" href=\"https:\/\/nf-nownisantasi.com\/tr\/radiofrequency-what-is-it-used-for-how-is-it-made-and-possible-risks\/\" tabindex=\"-1\" ><div class=\"elementor-post__thumbnail\"><img decoding=\"async\" width=\"300\" height=\"167\" src=\"https:\/\/nf-nownisantasi.com\/wp-content\/uploads\/2022\/10\/316fc06c-ca6-1-300x167.jpg\" class=\"attachment-medium size-medium wp-image-2255\" alt=\"\" srcset=\"https:\/\/nf-nownisantasi.com\/wp-content\/uploads\/2022\/10\/316fc06c-ca6-1-300x167.jpg 300w, https:\/\/nf-nownisantasi.com\/wp-content\/uploads\/2022\/10\/316fc06c-ca6-1-1024x569.jpg 1024w, https:\/\/nf-nownisantasi.com\/wp-content\/uploads\/2022\/10\/316fc06c-ca6-1-768x427.jpg 768w, https:\/\/nf-nownisantasi.com\/wp-content\/uploads\/2022\/10\/316fc06c-ca6-1.jpg 1120w\" sizes=\"(max-width: 300px) 100vw, 300px\" \/><\/div><\/a>\n\t\t\t\t<div class=\"elementor-post__badge\">Kozmetik Cerrahi<\/div>\n\t\t\t\t<div class=\"elementor-post__text\">\n\t\t\t\t<h3 class=\"elementor-post__title\">\n\t\t\t<a href=\"https:\/\/nf-nownisantasi.com\/tr\/radiofrequency-what-is-it-used-for-how-is-it-made-and-possible-risks\/\" >\n\t\t\t\tRadyofrekans: Ne i\u00e7in kullan\u0131l\u0131r, nas\u0131l yap\u0131l\u0131r ve olas\u0131 riskler\t\t\t<\/a>\n\t\t<\/h3>\n\t\t\t\t<div class=\"elementor-post__excerpt\">\n\t\t\t<p>Radyofrekans y\u00fcz veya v\u00fccuttaki sarkmalarla m\u00fccadelede kullan\u0131lan, k\u0131r\u0131\u015f\u0131kl\u0131klar\u0131n, mimik \u00e7izgilerinin ve hatta lokalize ya\u011f ve sel\u00fclitlerin giderilmesinde \u00e7ok etkili, kal\u0131c\u0131 etkileri olan g\u00fcvenli bir y\u00f6ntem<\/p>\n\t\t<\/div>\n\t\t\t\t<\/div>\n\t\t\t\t\t<\/div>\n\t\t<\/article>\n\t\t\t\t<article class=\"elementor-post elementor-grid-item post-2244 post type-post status-publish format-standard has-post-thumbnail hentry category-cosmetic-surgery-tr\">\n\t\t\t<div class=\"elementor-post__card\">\n\t\t\t\t<a class=\"elementor-post__thumbnail__link\" href=\"https:\/\/nf-nownisantasi.com\/tr\/shape-your-body-cryolipolysis\/\" tabindex=\"-1\" ><div class=\"elementor-post__thumbnail\"><img loading=\"lazy\" decoding=\"async\" width=\"300\" height=\"200\" src=\"https:\/\/nf-nownisantasi.com\/wp-content\/uploads\/2022\/10\/Cryolipolysis-3-1024x683-1-300x200.jpg\" class=\"attachment-medium size-medium wp-image-2241\" alt=\"\" srcset=\"https:\/\/nf-nownisantasi.com\/wp-content\/uploads\/2022\/10\/Cryolipolysis-3-1024x683-1-300x200.jpg 300w, https:\/\/nf-nownisantasi.com\/wp-content\/uploads\/2022\/10\/Cryolipolysis-3-1024x683-1-768x512.jpg 768w, https:\/\/nf-nownisantasi.com\/wp-content\/uploads\/2022\/10\/Cryolipolysis-3-1024x683-1.jpg 1024w\" sizes=\"(max-width: 300px) 100vw, 300px\" \/><\/div><\/a>\n\t\t\t\t<div class=\"elementor-post__badge\">Kozmetik Cerrahi<\/div>\n\t\t\t\t<div class=\"elementor-post__text\">\n\t\t\t\t<h3 class=\"elementor-post__title\">\n\t\t\t<a href=\"https:\/\/nf-nownisantasi.com\/tr\/shape-your-body-cryolipolysis\/\" >\n\t\t\t\tV\u00fccudunuzu \u015eekillendirin: So\u011fuk Lipoliz\t\t\t<\/a>\n\t\t<\/h3>\n\t\t\t\t<div class=\"elementor-post__excerpt\">\n\t\t\t<p>Cryolipolysis prosed\u00fcr\u00fc, inat\u00e7\u0131 ya\u011flar\u0131 ameliyat veya kesinti olmaks\u0131z\u0131n g\u00fcvenli ve etkili bir \u015fekilde ortadan kald\u0131r\u0131r. Bu ya\u011f azaltma tedavisi, g\u00fcvenli bir \u015fekilde so\u011futmak ve inat\u00e7\u0131<\/p>\n\t\t<\/div>\n\t\t\t\t<\/div>\n\t\t\t\t\t<\/div>\n\t\t<\/article>\n\t\t\t\t<\/div>\n\t\t\t\t\t<span class=\"e-load-more-spinner\">\n\t\t\t\t<i aria-hidden=\"true\" class=\"fas fa-spinner\"><\/i>\t\t\t<\/span>\n\t\t\n\t\t\t\t\t\t<\/div>\n\t\t\t\t<\/div>\n\t\t\t\t\t<\/div>\n\t\t<\/div>\n\t\t\t\t\t<\/div>\n\t\t<\/section>\n\t\t\t\t<\/div>\n\t\t","protected":false},"excerpt":{"rendered":"","protected":false},"author":2,"featured_media":0,"parent":0,"menu_order":0,"comment_status":"closed","ping_status":"closed","template":"elementor_header_footer","meta":{"footnotes":""},"class_list":["post-1997","page","type-page","status-publish","hentry"],"_links":{"self":[{"href":"https:\/\/nf-nownisantasi.com\/tr\/wp-json\/wp\/v2\/pages\/1997","targetHints":{"allow":["GET"]}}],"collection":[{"href":"https:\/\/nf-nownisantasi.com\/tr\/wp-json\/wp\/v2\/pages"}],"about":[{"href":"https:\/\/nf-nownisantasi.com\/tr\/wp-json\/wp\/v2\/types\/page"}],"author":[{"embeddable":true,"href":"https:\/\/nf-nownisantasi.com\/tr\/wp-json\/wp\/v2\/users\/2"}],"replies":[{"embeddable":true,"href":"https:\/\/nf-nownisantasi.com\/tr\/wp-json\/wp\/v2\/comments?post=1997"}],"version-history":[{"count":3,"href":"https:\/\/nf-nownisantasi.com\/tr\/wp-json\/wp\/v2\/pages\/1997\/revisions"}],"predecessor-version":[{"id":2000,"href":"https:\/\/nf-nownisantasi.com\/tr\/wp-json\/wp\/v2\/pages\/1997\/revisions\/2000"}],"wp:attachment":[{"href":"https:\/\/nf-nownisantasi.com\/tr\/wp-json\/wp\/v2\/media?parent=1997"}],"curies":[{"name":"wp","href":"https:\/\/api.w.org\/{rel}","templated":true}]}}