{"id":2026,"date":"2022-09-25T23:28:34","date_gmt":"2022-09-25T23:28:34","guid":{"rendered":"https:\/\/new.nf-nownisantasi.com\/faq\/"},"modified":"2023-01-16T17:32:51","modified_gmt":"2023-01-16T17:32:51","slug":"faq","status":"publish","type":"page","link":"https:\/\/nf-nownisantasi.com\/tr\/faq\/","title":{"rendered":"FAQ"},"content":{"rendered":"\t\t<div data-elementor-type=\"wp-page\" data-elementor-id=\"2026\" class=\"elementor elementor-2026 elementor-674\" data-elementor-post-type=\"page\">\n\t\t\t\t\t\t<section class=\"elementor-section elementor-top-section elementor-element elementor-element-608a7c9 elementor-section-full_width elementor-section-height-default elementor-section-height-default\" data-id=\"608a7c9\" data-element_type=\"section\" data-e-type=\"section\">\n\t\t\t\t\t\t<div class=\"elementor-container elementor-column-gap-default\">\n\t\t\t\t\t<div class=\"elementor-column elementor-col-100 elementor-top-column elementor-element elementor-element-e1d2d3a\" data-id=\"e1d2d3a\" data-element_type=\"column\" data-e-type=\"column\">\n\t\t\t<div class=\"elementor-widget-wrap\">\n\t\t\t\t\t\t\t<\/div>\n\t\t<\/div>\n\t\t\t\t\t<\/div>\n\t\t<\/section>\n\t\t\t\t<section class=\"elementor-section elementor-top-section elementor-element elementor-element-8c9adda elementor-section-boxed elementor-section-height-default elementor-section-height-default\" data-id=\"8c9adda\" data-element_type=\"section\" data-e-type=\"section\">\n\t\t\t\t\t\t<div class=\"elementor-container elementor-column-gap-default\">\n\t\t\t\t\t<div class=\"elementor-column elementor-col-100 elementor-top-column elementor-element elementor-element-46038ae\" data-id=\"46038ae\" data-element_type=\"column\" data-e-type=\"column\">\n\t\t\t<div class=\"elementor-widget-wrap elementor-element-populated\">\n\t\t\t\t\t\t<div class=\"elementor-element elementor-element-5d759a8 elementor-widget elementor-widget-toggle\" data-id=\"5d759a8\" data-element_type=\"widget\" data-e-type=\"widget\" data-widget_type=\"toggle.default\">\n\t\t\t\t<div class=\"elementor-widget-container\">\n\t\t\t\t\t\t\t<div class=\"elementor-toggle\">\n\t\t\t\t\t\t\t<div class=\"elementor-toggle-item\">\n\t\t\t\t\t<div id=\"elementor-tab-title-9791\" class=\"elementor-tab-title\" data-tab=\"1\" role=\"button\" aria-controls=\"elementor-tab-content-9791\" aria-expanded=\"false\">\n\t\t\t\t\t\t\t\t\t\t\t\t<span class=\"elementor-toggle-icon elementor-toggle-icon-right\" aria-hidden=\"true\">\n\t\t\t\t\t\t\t\t\t\t\t\t\t\t\t<span class=\"elementor-toggle-icon-closed\"><i class=\"fas fa-plus\"><\/i><\/span>\n\t\t\t\t\t\t\t\t<span class=\"elementor-toggle-icon-opened\"><i class=\"elementor-toggle-icon-opened fas fa-minus\"><\/i><\/span>\n\t\t\t\t\t\t\t\t\t\t\t\t\t<\/span>\n\t\t\t\t\t\t\t\t\t\t\t\t<a class=\"elementor-toggle-title\" tabindex=\"0\">1-T\u00fcrkiye'de tedavi olmal\u0131 m\u0131y\u0131m?<\/a>\n\t\t\t\t\t<\/div>\n\n\t\t\t\t\t<div id=\"elementor-tab-content-9791\" class=\"elementor-tab-content elementor-clearfix\" data-tab=\"1\" role=\"region\" aria-labelledby=\"elementor-tab-title-9791\"><p>T\u00fcrkiye&#8217;de, uluslararas\u0131 kurulu\u015flar taraf\u0131ndan tan\u0131nm\u0131\u015f bir\u00e7ok sa\u011fl\u0131k kurulu\u015fu ve ba\u015far\u0131l\u0131 doktor bulunmaktad\u0131r. \u00dclkemiz hastalar\u0131na, kapl\u0131ca tedavilerinden sa\u00e7 ekimine ve hatta robotik cerrahiye kadar, \u00e7ok \u00e7e\u015fitli tedavi se\u00e7enekleri sunmaktad\u0131r. T\u00fcrkiye, bu ve daha bir\u00e7ok a\u00e7\u0131dan, hastalar i\u00e7in en iyi tedavi se\u00e7eneklerine sahiptir.<\/p><\/div>\n\t\t\t\t<\/div>\n\t\t\t\t\t\t\t<div class=\"elementor-toggle-item\">\n\t\t\t\t\t<div id=\"elementor-tab-title-9792\" class=\"elementor-tab-title\" data-tab=\"2\" role=\"button\" aria-controls=\"elementor-tab-content-9792\" aria-expanded=\"false\">\n\t\t\t\t\t\t\t\t\t\t\t\t<span class=\"elementor-toggle-icon elementor-toggle-icon-right\" aria-hidden=\"true\">\n\t\t\t\t\t\t\t\t\t\t\t\t\t\t\t<span class=\"elementor-toggle-icon-closed\"><i class=\"fas fa-plus\"><\/i><\/span>\n\t\t\t\t\t\t\t\t<span class=\"elementor-toggle-icon-opened\"><i class=\"elementor-toggle-icon-opened fas fa-minus\"><\/i><\/span>\n\t\t\t\t\t\t\t\t\t\t\t\t\t<\/span>\n\t\t\t\t\t\t\t\t\t\t\t\t<a class=\"elementor-toggle-title\" tabindex=\"0\">2-Hastal\u0131\u011f\u0131m T\u00fcrkiye'de tedavi edilebilir mi?<\/a>\n\t\t\t\t\t<\/div>\n\n\t\t\t\t\t<div id=\"elementor-tab-content-9792\" class=\"elementor-tab-content elementor-clearfix\" data-tab=\"2\" role=\"region\" aria-labelledby=\"elementor-tab-title-9792\"><p>T\u00fcrkiye, anla\u015fmal\u0131 kurumlar\u0131m\u0131zdaki uzman ve deneyimli hekimleri ve ileri teknolojik t\u0131bbi imkanlara sahip hastaneleri ile sa\u011fl\u0131k sekt\u00f6r\u00fcnde kaliteli bir tedavi kapasitesine sahiptir. Uzman ve deneyimli sa\u011fl\u0131k dan\u0131\u015fmanlar\u0131m\u0131z, bize sa\u011flad\u0131\u011f\u0131n\u0131z \u00f6n test sonu\u00e7lar\u0131n\u0131 inceleyerek, talebiniz do\u011frultusunda hastal\u0131\u011f\u0131n\u0131z ve tedavi se\u00e7enekleri hakk\u0131nda \u00f6nerilerde bulunacakt\u0131r.<\/p><\/div>\n\t\t\t\t<\/div>\n\t\t\t\t\t\t\t<div class=\"elementor-toggle-item\">\n\t\t\t\t\t<div id=\"elementor-tab-title-9793\" class=\"elementor-tab-title\" data-tab=\"3\" role=\"button\" aria-controls=\"elementor-tab-content-9793\" aria-expanded=\"false\">\n\t\t\t\t\t\t\t\t\t\t\t\t<span class=\"elementor-toggle-icon elementor-toggle-icon-right\" aria-hidden=\"true\">\n\t\t\t\t\t\t\t\t\t\t\t\t\t\t\t<span class=\"elementor-toggle-icon-closed\"><i class=\"fas fa-plus\"><\/i><\/span>\n\t\t\t\t\t\t\t\t<span class=\"elementor-toggle-icon-opened\"><i class=\"elementor-toggle-icon-opened fas fa-minus\"><\/i><\/span>\n\t\t\t\t\t\t\t\t\t\t\t\t\t<\/span>\n\t\t\t\t\t\t\t\t\t\t\t\t<a class=\"elementor-toggle-title\" tabindex=\"0\">3- Klini\u011finiz, u\u00e7u\u015f plan\u0131mla ilgili yard\u0131m edecek mi?<\/a>\n\t\t\t\t\t<\/div>\n\n\t\t\t\t\t<div id=\"elementor-tab-content-9793\" class=\"elementor-tab-content elementor-clearfix\" data-tab=\"3\" role=\"region\" aria-labelledby=\"elementor-tab-title-9793\"><p>Profesyonel ekibimiz, u\u00e7u\u015f planlama ve havaliman\u0131 transfer hizmetleri i\u00e7in uygun fiyatl\u0131 se\u00e7enekler sunmaktad\u0131r.<\/p><\/div>\n\t\t\t\t<\/div>\n\t\t\t\t\t\t\t<div class=\"elementor-toggle-item\">\n\t\t\t\t\t<div id=\"elementor-tab-title-9794\" class=\"elementor-tab-title\" data-tab=\"4\" role=\"button\" aria-controls=\"elementor-tab-content-9794\" aria-expanded=\"false\">\n\t\t\t\t\t\t\t\t\t\t\t\t<span class=\"elementor-toggle-icon elementor-toggle-icon-right\" aria-hidden=\"true\">\n\t\t\t\t\t\t\t\t\t\t\t\t\t\t\t<span class=\"elementor-toggle-icon-closed\"><i class=\"fas fa-plus\"><\/i><\/span>\n\t\t\t\t\t\t\t\t<span class=\"elementor-toggle-icon-opened\"><i class=\"elementor-toggle-icon-opened fas fa-minus\"><\/i><\/span>\n\t\t\t\t\t\t\t\t\t\t\t\t\t<\/span>\n\t\t\t\t\t\t\t\t\t\t\t\t<a class=\"elementor-toggle-title\" tabindex=\"0\">4- Transfer hizmetiniz var m\u0131?<\/a>\n\t\t\t\t\t<\/div>\n\n\t\t\t\t\t<div id=\"elementor-tab-content-9794\" class=\"elementor-tab-content elementor-clearfix\" data-tab=\"4\" role=\"region\" aria-labelledby=\"elementor-tab-title-9794\"><p>Havaliman\u0131ndan hastaneye transferleriniz i\u00e7in belirlenen saatte rahat\u00e7a seyahat edece\u011finiz VIP ara\u00e7lar\u0131m\u0131z sizleri bekliyor olacak.<\/p><\/div>\n\t\t\t\t<\/div>\n\t\t\t\t\t\t\t<div class=\"elementor-toggle-item\">\n\t\t\t\t\t<div id=\"elementor-tab-title-9795\" class=\"elementor-tab-title\" data-tab=\"5\" role=\"button\" aria-controls=\"elementor-tab-content-9795\" aria-expanded=\"false\">\n\t\t\t\t\t\t\t\t\t\t\t\t<span class=\"elementor-toggle-icon elementor-toggle-icon-right\" aria-hidden=\"true\">\n\t\t\t\t\t\t\t\t\t\t\t\t\t\t\t<span class=\"elementor-toggle-icon-closed\"><i class=\"fas fa-plus\"><\/i><\/span>\n\t\t\t\t\t\t\t\t<span class=\"elementor-toggle-icon-opened\"><i class=\"elementor-toggle-icon-opened fas fa-minus\"><\/i><\/span>\n\t\t\t\t\t\t\t\t\t\t\t\t\t<\/span>\n\t\t\t\t\t\t\t\t\t\t\t\t<a class=\"elementor-toggle-title\" tabindex=\"0\">5- Otel ile ilgili yard\u0131mc\u0131 olacak m\u0131s\u0131n\u0131z?<\/a>\n\t\t\t\t\t<\/div>\n\n\t\t\t\t\t<div id=\"elementor-tab-content-9795\" class=\"elementor-tab-content elementor-clearfix\" data-tab=\"5\" role=\"region\" aria-labelledby=\"elementor-tab-title-9795\"><p>T\u00fcm misafirlerimize, anla\u015fmal\u0131 oldu\u011fumuz otellerde konaklama imkan\u0131 sunuyoruz.<\/p><\/div>\n\t\t\t\t<\/div>\n\t\t\t\t\t\t\t\t<\/div>\n\t\t\t\t\t\t<\/div>\n\t\t\t\t<\/div>\n\t\t\t\t\t<\/div>\n\t\t<\/div>\n\t\t\t\t\t<\/div>\n\t\t<\/section>\n\t\t\t\t<\/div>\n\t\t","protected":false},"excerpt":{"rendered":"<p>SIK\u00c7A SORULAN SORULAR 1-T\u00fcrkiye&#8217;de tedavi olmal\u0131 m\u0131y\u0131m? T\u00fcrkiye&#8217;de, uluslararas\u0131 kurulu\u015flar taraf\u0131ndan tan\u0131nm\u0131\u015f bir\u00e7ok sa\u011fl\u0131k kurulu\u015fu ve ba\u015far\u0131l\u0131 doktor bulunmaktad\u0131r. \u00dclkemiz hastalar\u0131na, kapl\u0131ca tedavilerinden sa\u00e7 ekimine ve hatta robotik cerrahiye kadar, \u00e7ok \u00e7e\u015fitli tedavi se\u00e7enekleri sunmaktad\u0131r. T\u00fcrkiye, bu ve daha bir\u00e7ok a\u00e7\u0131dan, hastalar i\u00e7in en iyi tedavi se\u00e7eneklerine sahiptir. 2-Hastal\u0131\u011f\u0131m T\u00fcrkiye&#8217;de tedavi edilebilir mi? T\u00fcrkiye, anla\u015fmal\u0131 [&hellip;]<\/p>\n","protected":false},"author":2,"featured_media":0,"parent":0,"menu_order":0,"comment_status":"closed","ping_status":"closed","template":"elementor_header_footer","meta":{"footnotes":""},"class_list":["post-2026","page","type-page","status-publish","hentry"],"_links":{"self":[{"href":"https:\/\/nf-nownisantasi.com\/tr\/wp-json\/wp\/v2\/pages\/2026","targetHints":{"allow":["GET"]}}],"collection":[{"href":"https:\/\/nf-nownisantasi.com\/tr\/wp-json\/wp\/v2\/pages"}],"about":[{"href":"https:\/\/nf-nownisantasi.com\/tr\/wp-json\/wp\/v2\/types\/page"}],"author":[{"embeddable":true,"href":"https:\/\/nf-nownisantasi.com\/tr\/wp-json\/wp\/v2\/users\/2"}],"replies":[{"embeddable":true,"href":"https:\/\/nf-nownisantasi.com\/tr\/wp-json\/wp\/v2\/comments?post=2026"}],"version-history":[{"count":13,"href":"https:\/\/nf-nownisantasi.com\/tr\/wp-json\/wp\/v2\/pages\/2026\/revisions"}],"predecessor-version":[{"id":2577,"href":"https:\/\/nf-nownisantasi.com\/tr\/wp-json\/wp\/v2\/pages\/2026\/revisions\/2577"}],"wp:attachment":[{"href":"https:\/\/nf-nownisantasi.com\/tr\/wp-json\/wp\/v2\/media?parent=2026"}],"curies":[{"name":"wp","href":"https:\/\/api.w.org\/{rel}","templated":true}]}}