{"id":2089,"date":"2022-09-25T13:18:54","date_gmt":"2022-09-25T13:18:54","guid":{"rendered":"https:\/\/new.nf-nownisantasi.com\/tourism\/"},"modified":"2023-01-12T22:36:22","modified_gmt":"2023-01-12T22:36:22","slug":"tourism","status":"publish","type":"page","link":"https:\/\/nf-nownisantasi.com\/tr\/tourism\/","title":{"rendered":"Turizm"},"content":{"rendered":"\t\t<div data-elementor-type=\"wp-page\" data-elementor-id=\"2089\" class=\"elementor elementor-2089 elementor-453\" data-elementor-post-type=\"page\">\n\t\t\t\t\t\t<section class=\"elementor-section elementor-top-section elementor-element elementor-element-333c201 elementor-section-full_width elementor-section-height-default elementor-section-height-default\" data-id=\"333c201\" data-element_type=\"section\" data-e-type=\"section\">\n\t\t\t\t\t\t<div class=\"elementor-container elementor-column-gap-default\">\n\t\t\t\t\t<div class=\"elementor-column elementor-col-100 elementor-top-column elementor-element elementor-element-ef99e5f\" data-id=\"ef99e5f\" data-element_type=\"column\" data-e-type=\"column\">\n\t\t\t<div class=\"elementor-widget-wrap\">\n\t\t\t\t\t\t\t<\/div>\n\t\t<\/div>\n\t\t\t\t\t<\/div>\n\t\t<\/section>\n\t\t\t\t<section class=\"elementor-section elementor-top-section elementor-element elementor-element-02dae2f elementor-reverse-mobile elementor-section-boxed elementor-section-height-default elementor-section-height-default\" data-id=\"02dae2f\" data-element_type=\"section\" data-e-type=\"section\">\n\t\t\t\t\t\t<div class=\"elementor-container elementor-column-gap-default\">\n\t\t\t\t\t<div class=\"elementor-column elementor-col-100 elementor-top-column elementor-element elementor-element-ee6e77b\" data-id=\"ee6e77b\" data-element_type=\"column\" data-e-type=\"column\">\n\t\t\t<div class=\"elementor-widget-wrap elementor-element-populated\">\n\t\t\t\t\t\t<div class=\"elementor-element elementor-element-13bd69f elementor-widget elementor-widget-heading\" data-id=\"13bd69f\" data-element_type=\"widget\" data-e-type=\"widget\" data-widget_type=\"heading.default\">\n\t\t\t\t<div class=\"elementor-widget-container\">\n\t\t\t\t\t<h2 class=\"elementor-heading-title elementor-size-default\">Turizm<\/h2>\t\t\t\t<\/div>\n\t\t\t\t<\/div>\n\t\t\t\t<section class=\"elementor-section elementor-inner-section elementor-element elementor-element-2c8f93a elementor-reverse-mobile elementor-section-boxed elementor-section-height-default elementor-section-height-default\" data-id=\"2c8f93a\" data-element_type=\"section\" data-e-type=\"section\">\n\t\t\t\t\t\t<div class=\"elementor-container elementor-column-gap-default\">\n\t\t\t\t\t<div class=\"elementor-column elementor-col-50 elementor-inner-column elementor-element elementor-element-d4deddd\" data-id=\"d4deddd\" data-element_type=\"column\" data-e-type=\"column\">\n\t\t\t<div class=\"elementor-widget-wrap elementor-element-populated\">\n\t\t\t\t\t\t<div class=\"elementor-element elementor-element-877d38f elementor-widget elementor-widget-image\" data-id=\"877d38f\" data-element_type=\"widget\" data-e-type=\"widget\" data-widget_type=\"image.default\">\n\t\t\t\t<div class=\"elementor-widget-container\">\n\t\t\t\t\t\t\t\t\t\t\t\t\t\t\t<img fetchpriority=\"high\" decoding=\"async\" width=\"800\" height=\"640\" src=\"https:\/\/nf-nownisantasi.com\/wp-content\/uploads\/2022\/09\/8-3.jpg\" class=\"attachment-large size-large wp-image-1272\" alt=\"\" srcset=\"https:\/\/nf-nownisantasi.com\/wp-content\/uploads\/2022\/09\/8-3.jpg 800w, https:\/\/nf-nownisantasi.com\/wp-content\/uploads\/2022\/09\/8-3-300x240.jpg 300w, https:\/\/nf-nownisantasi.com\/wp-content\/uploads\/2022\/09\/8-3-768x614.jpg 768w\" sizes=\"(max-width: 800px) 100vw, 800px\" \/>\t\t\t\t\t\t\t\t\t\t\t\t\t\t\t<\/div>\n\t\t\t\t<\/div>\n\t\t\t\t<div class=\"elementor-element elementor-element-c0686f2 elementor-widget elementor-widget-image\" data-id=\"c0686f2\" data-element_type=\"widget\" data-e-type=\"widget\" data-widget_type=\"image.default\">\n\t\t\t\t<div class=\"elementor-widget-container\">\n\t\t\t\t\t\t\t\t\t\t\t\t\t\t\t<img decoding=\"async\" width=\"800\" height=\"640\" src=\"https:\/\/nf-nownisantasi.com\/wp-content\/uploads\/2022\/09\/10-1.jpg\" class=\"attachment-large size-large wp-image-1278\" alt=\"\" srcset=\"https:\/\/nf-nownisantasi.com\/wp-content\/uploads\/2022\/09\/10-1.jpg 800w, https:\/\/nf-nownisantasi.com\/wp-content\/uploads\/2022\/09\/10-1-300x240.jpg 300w, https:\/\/nf-nownisantasi.com\/wp-content\/uploads\/2022\/09\/10-1-768x614.jpg 768w\" sizes=\"(max-width: 800px) 100vw, 800px\" \/>\t\t\t\t\t\t\t\t\t\t\t\t\t\t\t<\/div>\n\t\t\t\t<\/div>\n\t\t\t\t\t<\/div>\n\t\t<\/div>\n\t\t\t\t<div class=\"elementor-column elementor-col-50 elementor-inner-column elementor-element elementor-element-5d68083\" data-id=\"5d68083\" data-element_type=\"column\" data-e-type=\"column\">\n\t\t\t<div class=\"elementor-widget-wrap elementor-element-populated\">\n\t\t\t\t\t\t<div class=\"elementor-element elementor-element-8cec162 elementor-widget elementor-widget-heading\" data-id=\"8cec162\" data-element_type=\"widget\" data-e-type=\"widget\" data-widget_type=\"heading.default\">\n\t\t\t\t<div class=\"elementor-widget-container\">\n\t\t\t\t\t<h2 class=\"elementor-heading-title elementor-size-default\">T\u00dcRK\u0130YE\u2019DEK\u0130 SEYAHAT ACENTEM\u0130Z<\/h2>\t\t\t\t<\/div>\n\t\t\t\t<\/div>\n\t\t\t\t<div class=\"elementor-element elementor-element-32062a9 elementor-widget elementor-widget-heading\" data-id=\"32062a9\" data-element_type=\"widget\" data-e-type=\"widget\" data-widget_type=\"heading.default\">\n\t\t\t\t<div class=\"elementor-widget-container\">\n\t\t\t\t\t<p class=\"elementor-heading-title elementor-size-default\">Yerel acentemizi, hepimizi bir araya getiren bir ruh hali i\u00e7inde kurduk. Saf duygulu, ayn\u0131 zamanda basit ve g\u00fc\u00e7l\u00fc duygulu yolculuklar sunuyoruz...<\/p>\t\t\t\t<\/div>\n\t\t\t\t<\/div>\n\t\t\t\t<div class=\"elementor-element elementor-element-a1eddcc elementor-widget elementor-widget-heading\" data-id=\"a1eddcc\" data-element_type=\"widget\" data-e-type=\"widget\" data-widget_type=\"heading.default\">\n\t\t\t\t<div class=\"elementor-widget-container\">\n\t\t\t\t\t<p class=\"elementor-heading-title elementor-size-default\">Do\u011fan\u0131n tam olarak yerini buldu\u011fu unutulmaz kar\u015f\u0131la\u015fmalar.<\/p>\t\t\t\t<\/div>\n\t\t\t\t<\/div>\n\t\t\t\t<div class=\"elementor-element elementor-element-eedc02c elementor-widget elementor-widget-heading\" data-id=\"eedc02c\" data-element_type=\"widget\" data-e-type=\"widget\" data-widget_type=\"heading.default\">\n\t\t\t\t<div class=\"elementor-widget-container\">\n\t\t\t\t\t<p class=\"elementor-heading-title elementor-size-default\">Hem T\u00fcrk k\u00fclt\u00fcr\u00fc hem de peyzaj \u00e7e\u015fitlili\u011fi a\u00e7\u0131s\u0131ndan \u00fclkemizin bir\u00e7ok y\u00f6n\u00fcn\u00fc ke\u015ffetmenizi sa\u011flamak i\u00e7in daimi ilgi ile tasarlanm\u0131\u015f ve \u00e7al\u0131\u015f\u0131lm\u0131\u015f devrelerimizin \u00f6zg\u00fcnl\u00fc\u011f\u00fc ile ay\u0131rt ediliyoruz.<\/p>\t\t\t\t<\/div>\n\t\t\t\t<\/div>\n\t\t\t\t<div class=\"elementor-element elementor-element-7d622aa elementor-widget elementor-widget-heading\" data-id=\"7d622aa\" data-element_type=\"widget\" data-e-type=\"widget\" data-widget_type=\"heading.default\">\n\t\t\t\t<div class=\"elementor-widget-container\">\n\t\t\t\t\t<p class=\"elementor-heading-title elementor-size-default\">Genel \u00e7al\u0131\u015fma alan\u0131m\u0131z\u0131n sa\u011fl\u0131k turizmi olmas\u0131n\u0131n yan\u0131 s\u0131ra turizm s\u00f6z konusu oldu\u011funda e\u011flence ve rekreasyon alan\u0131ndaki hizmetlerimizi ayn\u0131 kalitede, genel ve \u00f6zel paketlerle sizlere sunmaya devam etmekteyiz.<\/p>\t\t\t\t<\/div>\n\t\t\t\t<\/div>\n\t\t\t\t<div class=\"elementor-element elementor-element-6811892 elementor-widget elementor-widget-heading\" data-id=\"6811892\" data-element_type=\"widget\" data-e-type=\"widget\" data-widget_type=\"heading.default\">\n\t\t\t\t<div class=\"elementor-widget-container\">\n\t\t\t\t\t<p class=\"elementor-heading-title elementor-size-default\">Kapadokya balon turlar\u0131ndan Urfa Harran Evleri k\u00fclt\u00fcr turuna, Bodrum'dan yaz turuna, Uluda\u011f kayak turundan yayla turizminden Trabzon'a kadar t\u00fcm se\u00e7eneklerimiz sizlere \u00f6zel olacak.<\/p>\t\t\t\t<\/div>\n\t\t\t\t<\/div>\n\t\t\t\t\t<\/div>\n\t\t<\/div>\n\t\t\t\t\t<\/div>\n\t\t<\/section>\n\t\t\t\t\t<\/div>\n\t\t<\/div>\n\t\t\t\t\t<\/div>\n\t\t<\/section>\n\t\t\t\t<section class=\"elementor-section elementor-top-section elementor-element elementor-element-fc4443c elementor-section-boxed elementor-section-height-default elementor-section-height-default\" data-id=\"fc4443c\" data-element_type=\"section\" data-e-type=\"section\" data-settings=\"{&quot;background_background&quot;:&quot;classic&quot;}\">\n\t\t\t\t\t\t<div class=\"elementor-container elementor-column-gap-default\">\n\t\t\t\t\t<div class=\"elementor-column elementor-col-50 elementor-top-column elementor-element elementor-element-3a9240f\" data-id=\"3a9240f\" data-element_type=\"column\" data-e-type=\"column\">\n\t\t\t<div class=\"elementor-widget-wrap elementor-element-populated\">\n\t\t\t\t\t\t<div class=\"elementor-element elementor-element-eef9f05 elementor-widget elementor-widget-heading\" data-id=\"eef9f05\" data-element_type=\"widget\" data-e-type=\"widget\" data-widget_type=\"heading.default\">\n\t\t\t\t<div class=\"elementor-widget-container\">\n\t\t\t\t\t<h2 class=\"elementor-heading-title elementor-size-default\">Grup Turlar\u0131<\/h2>\t\t\t\t<\/div>\n\t\t\t\t<\/div>\n\t\t\t\t<div class=\"elementor-element elementor-element-bf06b55 elementor-widget elementor-widget-heading\" data-id=\"bf06b55\" data-element_type=\"widget\" data-e-type=\"widget\" data-widget_type=\"heading.default\">\n\t\t\t\t<div class=\"elementor-widget-container\">\n\t\t\t\t\t<p class=\"elementor-heading-title elementor-size-default\">Belirli bir kontenjan dahilinde ger\u00e7ekle\u015ftirece\u011fimiz turlar\u0131m\u0131zda her segment i\u00e7in en aktif programlar\u0131 se\u00e7iyoruz. Hem arkada\u015f edinmek hem de rahatlamak ve dinlenmek i\u00e7in T\u00fcrkiye'nin d\u00f6rt bir yan\u0131nda farkl\u0131 destinasyonlara seyahat etme \u015fans\u0131na ve farkl\u0131 se\u00e7eneklere sahip olacaks\u0131n\u0131z. NF Now Ni\u015fanta\u015f\u0131 SEYAHAT ACENTES\u0130 fark\u0131yla, transferden farkl\u0131 dilleri konu\u015fan rehberlerimize se\u00e7im yaparak en g\u00fczel deneyimi ya\u015faman\u0131z i\u00e7in \u00e7al\u0131\u015f\u0131yoruz.<\/p>\t\t\t\t<\/div>\n\t\t\t\t<\/div>\n\t\t\t\t\t<\/div>\n\t\t<\/div>\n\t\t\t\t<div class=\"elementor-column elementor-col-50 elementor-top-column elementor-element elementor-element-3577790\" data-id=\"3577790\" data-element_type=\"column\" data-e-type=\"column\">\n\t\t\t<div class=\"elementor-widget-wrap elementor-element-populated\">\n\t\t\t\t\t\t<div class=\"elementor-element elementor-element-9accb27 elementor-widget elementor-widget-image\" data-id=\"9accb27\" data-element_type=\"widget\" data-e-type=\"widget\" data-widget_type=\"image.default\">\n\t\t\t\t<div class=\"elementor-widget-container\">\n\t\t\t\t\t\t\t\t\t\t\t\t\t\t\t<img decoding=\"async\" width=\"800\" height=\"640\" src=\"https:\/\/nf-nownisantasi.com\/wp-content\/uploads\/2022\/09\/4-3-1024x819.jpg\" class=\"attachment-large size-large wp-image-1269\" alt=\"\" srcset=\"https:\/\/nf-nownisantasi.com\/wp-content\/uploads\/2022\/09\/4-3-1024x819.jpg 1024w, https:\/\/nf-nownisantasi.com\/wp-content\/uploads\/2022\/09\/4-3-300x240.jpg 300w, https:\/\/nf-nownisantasi.com\/wp-content\/uploads\/2022\/09\/4-3-768x614.jpg 768w, https:\/\/nf-nownisantasi.com\/wp-content\/uploads\/2022\/09\/4-3-1536x1229.jpg 1536w, https:\/\/nf-nownisantasi.com\/wp-content\/uploads\/2022\/09\/4-3.jpg 2000w\" sizes=\"(max-width: 800px) 100vw, 800px\" \/>\t\t\t\t\t\t\t\t\t\t\t\t\t\t\t<\/div>\n\t\t\t\t<\/div>\n\t\t\t\t\t<\/div>\n\t\t<\/div>\n\t\t\t\t\t<\/div>\n\t\t<\/section>\n\t\t\t\t<section class=\"elementor-section elementor-top-section elementor-element elementor-element-e61491b elementor-reverse-mobile elementor-section-boxed elementor-section-height-default elementor-section-height-default\" data-id=\"e61491b\" data-element_type=\"section\" data-e-type=\"section\">\n\t\t\t\t\t\t<div class=\"elementor-container elementor-column-gap-default\">\n\t\t\t\t\t<div class=\"elementor-column elementor-col-50 elementor-top-column elementor-element elementor-element-0638ed1\" data-id=\"0638ed1\" data-element_type=\"column\" data-e-type=\"column\">\n\t\t\t<div class=\"elementor-widget-wrap elementor-element-populated\">\n\t\t\t\t\t\t<div class=\"elementor-element elementor-element-f2f5ea2 elementor-widget elementor-widget-image\" data-id=\"f2f5ea2\" data-element_type=\"widget\" data-e-type=\"widget\" data-widget_type=\"image.default\">\n\t\t\t\t<div class=\"elementor-widget-container\">\n\t\t\t\t\t\t\t\t\t\t\t\t\t\t\t<img loading=\"lazy\" decoding=\"async\" width=\"800\" height=\"640\" src=\"https:\/\/nf-nownisantasi.com\/wp-content\/uploads\/2022\/09\/15-1.jpg\" class=\"attachment-large size-large wp-image-1281\" alt=\"\" srcset=\"https:\/\/nf-nownisantasi.com\/wp-content\/uploads\/2022\/09\/15-1.jpg 800w, https:\/\/nf-nownisantasi.com\/wp-content\/uploads\/2022\/09\/15-1-300x240.jpg 300w, https:\/\/nf-nownisantasi.com\/wp-content\/uploads\/2022\/09\/15-1-768x614.jpg 768w\" sizes=\"(max-width: 800px) 100vw, 800px\" \/>\t\t\t\t\t\t\t\t\t\t\t\t\t\t\t<\/div>\n\t\t\t\t<\/div>\n\t\t\t\t\t<\/div>\n\t\t<\/div>\n\t\t\t\t<div class=\"elementor-column elementor-col-50 elementor-top-column elementor-element elementor-element-a24576b\" data-id=\"a24576b\" data-element_type=\"column\" data-e-type=\"column\">\n\t\t\t<div class=\"elementor-widget-wrap elementor-element-populated\">\n\t\t\t\t\t\t<div class=\"elementor-element elementor-element-d2166f7 elementor-widget elementor-widget-heading\" data-id=\"d2166f7\" data-element_type=\"widget\" data-e-type=\"widget\" data-widget_type=\"heading.default\">\n\t\t\t\t<div class=\"elementor-widget-container\">\n\t\t\t\t\t<h2 class=\"elementor-heading-title elementor-size-default\">\u00d6ZEL TURLAR<\/h2>\t\t\t\t<\/div>\n\t\t\t\t<\/div>\n\t\t\t\t<div class=\"elementor-element elementor-element-04342ab elementor-widget elementor-widget-heading\" data-id=\"04342ab\" data-element_type=\"widget\" data-e-type=\"widget\" data-widget_type=\"heading.default\">\n\t\t\t\t<div class=\"elementor-widget-container\">\n\t\t\t\t\t<p class=\"elementor-heading-title elementor-size-default\">\u0130ster arkada\u015flar\u0131n\u0131z ister aileniz i\u00e7in, istedi\u011finiz ki\u015fi say\u0131s\u0131nda se\u00e7ti\u011finiz ve hayal etti\u011finiz turu m\u00fckemmelle\u015ftirelim.<\/p>\t\t\t\t<\/div>\n\t\t\t\t<\/div>\n\t\t\t\t\t<\/div>\n\t\t<\/div>\n\t\t\t\t\t<\/div>\n\t\t<\/section>\n\t\t\t\t<section class=\"elementor-section elementor-top-section elementor-element elementor-element-6c094da elementor-section-boxed elementor-section-height-default elementor-section-height-default\" data-id=\"6c094da\" data-element_type=\"section\" data-e-type=\"section\" data-settings=\"{&quot;background_background&quot;:&quot;classic&quot;}\">\n\t\t\t\t\t\t<div class=\"elementor-container elementor-column-gap-default\">\n\t\t\t\t\t<div class=\"elementor-column elementor-col-50 elementor-top-column elementor-element elementor-element-92d7f48\" data-id=\"92d7f48\" data-element_type=\"column\" data-e-type=\"column\">\n\t\t\t<div class=\"elementor-widget-wrap elementor-element-populated\">\n\t\t\t\t\t\t<div class=\"elementor-element elementor-element-4f198b6 elementor-widget elementor-widget-heading\" data-id=\"4f198b6\" data-element_type=\"widget\" data-e-type=\"widget\" data-widget_type=\"heading.default\">\n\t\t\t\t<div class=\"elementor-widget-container\">\n\t\t\t\t\t<h2 class=\"elementor-heading-title elementor-size-default\">KONFERANSLAR<\/h2>\t\t\t\t<\/div>\n\t\t\t\t<\/div>\n\t\t\t\t<div class=\"elementor-element elementor-element-5fbda5f elementor-widget elementor-widget-heading\" data-id=\"5fbda5f\" data-element_type=\"widget\" data-e-type=\"widget\" data-widget_type=\"heading.default\">\n\t\t\t\t<div class=\"elementor-widget-container\">\n\t\t\t\t\t<p class=\"elementor-heading-title elementor-size-default\">\u00d6nemli kongre ve konferanslar\u0131n\u0131z i\u00e7in T\u00fcrkiye'nin en g\u00fczel otellerinde sizlere arac\u0131l\u0131k yap\u0131yoruz. \u015eirket k\u00fclt\u00fcr\u00fcn\u00fcze uygun anla\u015fmalar yaparak \u015firketinizi temsil edebilecek ve konforlu bir i\u015f seyahati ger\u00e7ekle\u015ftirebileceksiniz.<\/p>\t\t\t\t<\/div>\n\t\t\t\t<\/div>\n\t\t\t\t\t<\/div>\n\t\t<\/div>\n\t\t\t\t<div class=\"elementor-column elementor-col-50 elementor-top-column elementor-element elementor-element-3db4bf1\" data-id=\"3db4bf1\" data-element_type=\"column\" data-e-type=\"column\">\n\t\t\t<div class=\"elementor-widget-wrap elementor-element-populated\">\n\t\t\t\t\t\t<div class=\"elementor-element elementor-element-b7f4bba elementor-widget elementor-widget-image\" data-id=\"b7f4bba\" data-element_type=\"widget\" data-e-type=\"widget\" data-widget_type=\"image.default\">\n\t\t\t\t<div class=\"elementor-widget-container\">\n\t\t\t\t\t\t\t\t\t\t\t\t\t\t\t<img loading=\"lazy\" decoding=\"async\" width=\"800\" height=\"640\" src=\"https:\/\/nf-nownisantasi.com\/wp-content\/uploads\/2022\/09\/9-3.jpg\" class=\"attachment-large size-large wp-image-1284\" alt=\"\" srcset=\"https:\/\/nf-nownisantasi.com\/wp-content\/uploads\/2022\/09\/9-3.jpg 800w, https:\/\/nf-nownisantasi.com\/wp-content\/uploads\/2022\/09\/9-3-300x240.jpg 300w, https:\/\/nf-nownisantasi.com\/wp-content\/uploads\/2022\/09\/9-3-768x614.jpg 768w\" sizes=\"(max-width: 800px) 100vw, 800px\" \/>\t\t\t\t\t\t\t\t\t\t\t\t\t\t\t<\/div>\n\t\t\t\t<\/div>\n\t\t\t\t\t<\/div>\n\t\t<\/div>\n\t\t\t\t\t<\/div>\n\t\t<\/section>\n\t\t\t\t<section class=\"elementor-section elementor-top-section elementor-element elementor-element-6459fdf elementor-reverse-mobile elementor-section-boxed elementor-section-height-default elementor-section-height-default\" data-id=\"6459fdf\" data-element_type=\"section\" data-e-type=\"section\">\n\t\t\t\t\t\t<div class=\"elementor-container elementor-column-gap-default\">\n\t\t\t\t\t<div class=\"elementor-column elementor-col-50 elementor-top-column elementor-element elementor-element-95a69fb\" data-id=\"95a69fb\" data-element_type=\"column\" data-e-type=\"column\">\n\t\t\t<div class=\"elementor-widget-wrap elementor-element-populated\">\n\t\t\t\t\t\t<div class=\"elementor-element elementor-element-6504632 elementor-widget elementor-widget-image\" data-id=\"6504632\" data-element_type=\"widget\" data-e-type=\"widget\" data-widget_type=\"image.default\">\n\t\t\t\t<div class=\"elementor-widget-container\">\n\t\t\t\t\t\t\t\t\t\t\t\t\t\t\t<img loading=\"lazy\" decoding=\"async\" width=\"800\" height=\"640\" src=\"https:\/\/nf-nownisantasi.com\/wp-content\/uploads\/2022\/09\/23.jpg\" class=\"attachment-large size-large wp-image-1287\" alt=\"\" srcset=\"https:\/\/nf-nownisantasi.com\/wp-content\/uploads\/2022\/09\/23.jpg 800w, https:\/\/nf-nownisantasi.com\/wp-content\/uploads\/2022\/09\/23-300x240.jpg 300w, https:\/\/nf-nownisantasi.com\/wp-content\/uploads\/2022\/09\/23-768x614.jpg 768w\" sizes=\"(max-width: 800px) 100vw, 800px\" \/>\t\t\t\t\t\t\t\t\t\t\t\t\t\t\t<\/div>\n\t\t\t\t<\/div>\n\t\t\t\t\t<\/div>\n\t\t<\/div>\n\t\t\t\t<div class=\"elementor-column elementor-col-50 elementor-top-column elementor-element elementor-element-ab6d56b\" data-id=\"ab6d56b\" data-element_type=\"column\" data-e-type=\"column\">\n\t\t\t<div class=\"elementor-widget-wrap elementor-element-populated\">\n\t\t\t\t\t\t<div class=\"elementor-element elementor-element-094cb38 elementor-widget elementor-widget-heading\" data-id=\"094cb38\" data-element_type=\"widget\" data-e-type=\"widget\" data-widget_type=\"heading.default\">\n\t\t\t\t<div class=\"elementor-widget-container\">\n\t\t\t\t\t<h2 class=\"elementor-heading-title elementor-size-default\">YEMEK TURLARI<\/h2>\t\t\t\t<\/div>\n\t\t\t\t<\/div>\n\t\t\t\t<div class=\"elementor-element elementor-element-75b28e5 elementor-widget elementor-widget-heading\" data-id=\"75b28e5\" data-element_type=\"widget\" data-e-type=\"widget\" data-widget_type=\"heading.default\">\n\t\t\t\t<div class=\"elementor-widget-container\">\n\t\t\t\t\t<p class=\"elementor-heading-title elementor-size-default\">Kebap, Baklava, D\u00f6ner, K\u00fcnefe. T\u00fcrk mutfa\u011f\u0131n\u0131n her \u00e7e\u015fit yemeklerini ve tatl\u0131lar\u0131n\u0131, en iyi \u015feflerin restoranlar\u0131nda tatma imk\u00e2n\u0131 sunuyoruz. Bu sayede, gizli T\u00fcrk lezzetlerini ke\u015ffetmenin yan\u0131 s\u0131ra, en iyilerin ellerinden en \u00fcnl\u00fc yemekleri de deneyeceksiniz. Now Ni\u015fanta\u015f\u0131 olarak \u00fcnl\u00fc ve en iyi \u015fefler ile d\u00fczenleyece\u011fimiz at\u00f6lyelerde, tariflerin p\u00fcf noktalar\u0131n\u0131 \u00f6\u011frenecek ve bu lezzetleri evinizde yap\u0131p hayat\u0131n\u0131z boyunca kendinize de\u011fer katabileceksiniz.<\/p>\t\t\t\t<\/div>\n\t\t\t\t<\/div>\n\t\t\t\t\t<\/div>\n\t\t<\/div>\n\t\t\t\t\t<\/div>\n\t\t<\/section>\n\t\t\t\t<section class=\"elementor-section elementor-top-section elementor-element elementor-element-0d779e7 elementor-section-boxed elementor-section-height-default elementor-section-height-default\" data-id=\"0d779e7\" data-element_type=\"section\" data-e-type=\"section\" data-settings=\"{&quot;background_background&quot;:&quot;classic&quot;}\">\n\t\t\t\t\t\t<div class=\"elementor-container elementor-column-gap-default\">\n\t\t\t\t\t<div class=\"elementor-column elementor-col-50 elementor-top-column elementor-element elementor-element-1a1d3aa\" data-id=\"1a1d3aa\" data-element_type=\"column\" data-e-type=\"column\">\n\t\t\t<div class=\"elementor-widget-wrap elementor-element-populated\">\n\t\t\t\t\t\t<div class=\"elementor-element elementor-element-dfc5db9 elementor-widget elementor-widget-heading\" data-id=\"dfc5db9\" data-element_type=\"widget\" data-e-type=\"widget\" data-widget_type=\"heading.default\">\n\t\t\t\t<div class=\"elementor-widget-container\">\n\t\t\t\t\t<h2 class=\"elementor-heading-title elementor-size-default\">K\u00dcLT\u00dcREL TURLAR<\/h2>\t\t\t\t<\/div>\n\t\t\t\t<\/div>\n\t\t\t\t<div class=\"elementor-element elementor-element-9a190e8 elementor-widget elementor-widget-heading\" data-id=\"9a190e8\" data-element_type=\"widget\" data-e-type=\"widget\" data-widget_type=\"heading.default\">\n\t\t\t\t<div class=\"elementor-widget-container\">\n\t\t\t\t\t<p class=\"elementor-heading-title elementor-size-default\">Yurt i\u00e7i ve yurt d\u0131\u015f\u0131 turlar\u0131m\u0131zda, sizlerin memnuniyeti ile birlikte, k\u00fclt\u00fcr\u00fcm\u00fcz\u00fcn g\u00fczelliklerini ve farkl\u0131l\u0131klar\u0131n\u0131 g\u00f6zlemleme f\u0131rsat\u0131n\u0131 sizlere sunmak birinci \u00f6nceli\u011fimizdir. D\u00fcnya miras\u0131ndan bize kalan \u00f6nemli eserler; Do\u011fa harikalar\u0131, m\u00fczeler, \u015faheserler, kiliseler, camiler, sinagoglar, saraylar, hanlar, do\u011fal yerler gibi yerleri gezip, tarihi s\u00fcre\u00e7lerini rehberlerimizden dinleyerek bilgi almay\u0131 i\u00e7erir.<\/p>\t\t\t\t<\/div>\n\t\t\t\t<\/div>\n\t\t\t\t<div class=\"elementor-element elementor-element-c4485c8 elementor-widget elementor-widget-heading\" data-id=\"c4485c8\" data-element_type=\"widget\" data-e-type=\"widget\" data-widget_type=\"heading.default\">\n\t\t\t\t<div class=\"elementor-widget-container\">\n\t\t\t\t\t<p class=\"elementor-heading-title elementor-size-default\">K\u00fclt\u00fcrel turlar\u0131m\u0131z\u0131n i\u00e7eri\u011finde, \u015firket k\u00fclt\u00fcr\u00fcn\u00fcze uygun anla\u015fmalar yaparak, e\u011flenceyi zirveye \u00e7\u0131karacak birbirinden g\u00fczel aktiviteler de yer almaktad\u0131r.<\/p>\t\t\t\t<\/div>\n\t\t\t\t<\/div>\n\t\t\t\t\t<\/div>\n\t\t<\/div>\n\t\t\t\t<div class=\"elementor-column elementor-col-50 elementor-top-column elementor-element elementor-element-5130a7c\" data-id=\"5130a7c\" data-element_type=\"column\" data-e-type=\"column\">\n\t\t\t<div class=\"elementor-widget-wrap elementor-element-populated\">\n\t\t\t\t\t\t<div class=\"elementor-element elementor-element-8a10d08 elementor-widget elementor-widget-image\" data-id=\"8a10d08\" data-element_type=\"widget\" data-e-type=\"widget\" data-widget_type=\"image.default\">\n\t\t\t\t<div class=\"elementor-widget-container\">\n\t\t\t\t\t\t\t\t\t\t\t\t\t\t\t<img loading=\"lazy\" decoding=\"async\" width=\"800\" height=\"640\" src=\"https:\/\/nf-nownisantasi.com\/wp-content\/uploads\/2022\/09\/7-4.jpg\" class=\"attachment-large size-large wp-image-1290\" alt=\"\" srcset=\"https:\/\/nf-nownisantasi.com\/wp-content\/uploads\/2022\/09\/7-4.jpg 800w, https:\/\/nf-nownisantasi.com\/wp-content\/uploads\/2022\/09\/7-4-300x240.jpg 300w, https:\/\/nf-nownisantasi.com\/wp-content\/uploads\/2022\/09\/7-4-768x614.jpg 768w\" sizes=\"(max-width: 800px) 100vw, 800px\" \/>\t\t\t\t\t\t\t\t\t\t\t\t\t\t\t<\/div>\n\t\t\t\t<\/div>\n\t\t\t\t\t<\/div>\n\t\t<\/div>\n\t\t\t\t\t<\/div>\n\t\t<\/section>\n\t\t\t\t<\/div>\n\t\t","protected":false},"excerpt":{"rendered":"<p>D\u00dcNYAYI DENEY\u0130N SEYAHAT\u0130 YEN\u0130DEN TANIMLAMADA M\u00dcKEMMELL\u0130K TUR\u0130ZMDEN \u00c7OK DAHA FAZLASI, S\u0130Z\u0130NLE \u0130LG\u0130LEN\u0130YORUZ. Turizm T\u00dcRK\u0130YE\u2019DEK\u0130 SEYAHAT ACENTEM\u0130Z Yerel acentemizi, hepimizi bir araya getiren bir ruh hali i\u00e7inde kurduk. Saf duygulu, ayn\u0131 zamanda basit ve g\u00fc\u00e7l\u00fc duygulu yolculuklar sunuyoruz&#8230; Do\u011fan\u0131n tam olarak yerini buldu\u011fu unutulmaz kar\u015f\u0131la\u015fmalar. Hem T\u00fcrk k\u00fclt\u00fcr\u00fc hem de peyzaj \u00e7e\u015fitlili\u011fi a\u00e7\u0131s\u0131ndan \u00fclkemizin bir\u00e7ok y\u00f6n\u00fcn\u00fc [&hellip;]<\/p>\n","protected":false},"author":2,"featured_media":0,"parent":0,"menu_order":0,"comment_status":"closed","ping_status":"closed","template":"elementor_header_footer","meta":{"footnotes":""},"class_list":["post-2089","page","type-page","status-publish","hentry"],"_links":{"self":[{"href":"https:\/\/nf-nownisantasi.com\/tr\/wp-json\/wp\/v2\/pages\/2089","targetHints":{"allow":["GET"]}}],"collection":[{"href":"https:\/\/nf-nownisantasi.com\/tr\/wp-json\/wp\/v2\/pages"}],"about":[{"href":"https:\/\/nf-nownisantasi.com\/tr\/wp-json\/wp\/v2\/types\/page"}],"author":[{"embeddable":true,"href":"https:\/\/nf-nownisantasi.com\/tr\/wp-json\/wp\/v2\/users\/2"}],"replies":[{"embeddable":true,"href":"https:\/\/nf-nownisantasi.com\/tr\/wp-json\/wp\/v2\/comments?post=2089"}],"version-history":[{"count":13,"href":"https:\/\/nf-nownisantasi.com\/tr\/wp-json\/wp\/v2\/pages\/2089\/revisions"}],"predecessor-version":[{"id":2515,"href":"https:\/\/nf-nownisantasi.com\/tr\/wp-json\/wp\/v2\/pages\/2089\/revisions\/2515"}],"wp:attachment":[{"href":"https:\/\/nf-nownisantasi.com\/tr\/wp-json\/wp\/v2\/media?parent=2089"}],"curies":[{"name":"wp","href":"https:\/\/api.w.org\/{rel}","templated":true}]}}