{"id":2627,"date":"2023-01-25T13:06:17","date_gmt":"2023-01-25T13:06:17","guid":{"rendered":"https:\/\/nf-nownisantasi.com\/?page_id=2627"},"modified":"2023-03-18T09:43:53","modified_gmt":"2023-03-18T09:43:53","slug":"anlasmali-saglik-kurumlari","status":"publish","type":"page","link":"https:\/\/nf-nownisantasi.com\/tr\/anlasmali-saglik-kurumlari\/","title":{"rendered":"Anla\u015fmal\u0131 Sa\u011fl\u0131k Kurumlar\u0131"},"content":{"rendered":"\t\t<div data-elementor-type=\"wp-page\" data-elementor-id=\"2627\" class=\"elementor elementor-2627\" data-elementor-post-type=\"page\">\n\t\t\t\t\t\t<section class=\"elementor-section elementor-top-section elementor-element elementor-element-58c3c052 elementor-section-boxed elementor-section-height-default elementor-section-height-default\" data-id=\"58c3c052\" data-element_type=\"section\" data-e-type=\"section\">\n\t\t\t\t\t\t<div class=\"elementor-container elementor-column-gap-default\">\n\t\t\t\t\t<div class=\"elementor-column elementor-col-100 elementor-top-column elementor-element elementor-element-1a0159a8\" data-id=\"1a0159a8\" data-element_type=\"column\" data-e-type=\"column\">\n\t\t\t<div class=\"elementor-widget-wrap elementor-element-populated\">\n\t\t\t\t\t\t<div class=\"elementor-element elementor-element-5b8e011 elementor-widget elementor-widget-text-editor\" data-id=\"5b8e011\" data-element_type=\"widget\" data-e-type=\"widget\" data-widget_type=\"text-editor.default\">\n\t\t\t\t<div class=\"elementor-widget-container\">\n\t\t\t\t\t\t\t\t\t<h6 class=\"LC20lb MBeuO DKV0Md\"><strong>Anla\u015fmal\u0131 Sa\u011fl\u0131k Kurumlar\u0131<\/strong><\/h6>\t\t\t\t\t\t\t\t<\/div>\n\t\t\t\t<\/div>\n\t\t\t\t<div class=\"elementor-element elementor-element-6b3bb68 elementor-widget elementor-widget-text-editor\" data-id=\"6b3bb68\" data-element_type=\"widget\" data-e-type=\"widget\" data-widget_type=\"text-editor.default\">\n\t\t\t\t<div class=\"elementor-widget-container\">\n\t\t\t\t\t\t\t\t\t<ul><li><strong><a href=\"https:\/\/medipol.com.tr\/\">Medipol Saglik Grubu<\/a><\/strong><\/li><li><strong><a href=\"https:\/\/www.avrasyahospital.com.tr\" target=\"_blank\" rel=\"noopener\">Avrasya Hospital<\/a><\/strong><\/li><li><strong><a href=\"https:\/\/www.livhospital.com\/\">Liv Hospital<\/a><\/strong><\/li><\/ul>\t\t\t\t\t\t\t\t<\/div>\n\t\t\t\t<\/div>\n\t\t\t\t<div class=\"elementor-element elementor-element-cfd416f elementor-widget elementor-widget-spacer\" data-id=\"cfd416f\" data-element_type=\"widget\" data-e-type=\"widget\" data-widget_type=\"spacer.default\">\n\t\t\t\t<div class=\"elementor-widget-container\">\n\t\t\t\t\t\t\t<div class=\"elementor-spacer\">\n\t\t\t<div class=\"elementor-spacer-inner\"><\/div>\n\t\t<\/div>\n\t\t\t\t\t\t<\/div>\n\t\t\t\t<\/div>\n\t\t\t\t\t<\/div>\n\t\t<\/div>\n\t\t\t\t\t<\/div>\n\t\t<\/section>\n\t\t\t\t<\/div>\n\t\t","protected":false},"excerpt":{"rendered":"<p>Anla\u015fmal\u0131 Sa\u011fl\u0131k Kurumlar\u0131 Medipol Saglik Grubu Avrasya Hospital Liv Hospital<\/p>\n","protected":false},"author":3,"featured_media":0,"parent":0,"menu_order":0,"comment_status":"closed","ping_status":"closed","template":"","meta":{"footnotes":""},"class_list":["post-2627","page","type-page","status-publish","hentry"],"_links":{"self":[{"href":"https:\/\/nf-nownisantasi.com\/tr\/wp-json\/wp\/v2\/pages\/2627","targetHints":{"allow":["GET"]}}],"collection":[{"href":"https:\/\/nf-nownisantasi.com\/tr\/wp-json\/wp\/v2\/pages"}],"about":[{"href":"https:\/\/nf-nownisantasi.com\/tr\/wp-json\/wp\/v2\/types\/page"}],"author":[{"embeddable":true,"href":"https:\/\/nf-nownisantasi.com\/tr\/wp-json\/wp\/v2\/users\/3"}],"replies":[{"embeddable":true,"href":"https:\/\/nf-nownisantasi.com\/tr\/wp-json\/wp\/v2\/comments?post=2627"}],"version-history":[{"count":20,"href":"https:\/\/nf-nownisantasi.com\/tr\/wp-json\/wp\/v2\/pages\/2627\/revisions"}],"predecessor-version":[{"id":2702,"href":"https:\/\/nf-nownisantasi.com\/tr\/wp-json\/wp\/v2\/pages\/2627\/revisions\/2702"}],"wp:attachment":[{"href":"https:\/\/nf-nownisantasi.com\/tr\/wp-json\/wp\/v2\/media?parent=2627"}],"curies":[{"name":"wp","href":"https:\/\/api.w.org\/{rel}","templated":true}]}}